{"id":632969,"date":"2025-11-06T18:28:55","date_gmt":"2025-11-06T18:28:55","guid":{"rendered":"https:\/\/aukinkochile.com\/web\/producto\/hacer-stickers-con-serigrafia\/"},"modified":"2025-11-06T18:42:56","modified_gmt":"2025-11-06T18:42:56","slug":"hacer-stickers-con-serigrafia","status":"publish","type":"product","link":"https:\/\/aukinkochile.com\/web\/producto\/hacer-stickers-con-serigrafia\/","title":{"rendered":"Hacer Stickers con Serigrafia"},"content":{"rendered":"<p>Divertido set de manualidades en el que ni\u00f1os y ni\u00f1as podr\u00e1n crear sus propios stickers utilizando la t\u00e9cnica de la serigraf\u00eda. Los m\u00e1s peque\u00f1os solo deben elegir entre 8 figuras diferentes y tres colores de pinturas para crear sus propios dise\u00f1os, al cortar los stickers y tenerlos listos podr\u00e1n decorar todos los lugares que m\u00e1s les gusten. Un juego ideal para d\u00edas lluviosos, para pasar horas de diversi\u00f3n.<\/p>\n<p><p><strong>Material : <\/strong> Pl\u00e1stico y Madera<\/p>\n<p><strong>C\u00f3digo Aukinko : <\/strong> 08-21005482<\/p>\n<p><strong>C\u00f3digo Convenio Marco : <\/strong> x<\/p>\n","protected":false},"excerpt":{"rendered":"<p>Divertido set de manualidades en el que ni\u00f1os y ni\u00f1as podr\u00e1n crear sus propios stickers utilizando la t\u00e9cnica de la serigraf\u00eda. Los m\u00e1s peque\u00f1os solo deben elegir entre 8 figuras diferentes y tres colores de pinturas para crear sus propios dise\u00f1os, al cortar los stickers y tenerlos listos podr\u00e1n decorar todos los lugares que m\u00e1s [&hellip;]<\/p>\n","protected":false},"featured_media":622496,"comment_status":"open","ping_status":"closed","template":"","meta":{"_et_pb_use_builder":"","_et_pb_old_content":"","_et_gb_content_width":""},"product_brand":[],"product_cat":[21,7385,20],"product_tag":[],"class_list":{"0":"post-632969","1":"product","2":"type-product","3":"status-publish","4":"has-post-thumbnail","6":"product_cat-arte-y-manipulacion","7":"product_cat-estimulacion-cognitiva-y-motora-para-adultos-mayores","8":"product_cat-motricidad-fina","9":"pa_edad-6-a-8-anos","10":"pa_edad-8-a-10-anos","11":"pa_marca-galt","12":"pa_medidas-23-x-5-x-23-cm","14":"first","15":"instock","16":"shipping-taxable","17":"purchasable","18":"product-type-simple"},"aioseo_notices":[],"_links":{"self":[{"href":"https:\/\/aukinkochile.com\/web\/wp-json\/wp\/v2\/product\/632969","targetHints":{"allow":["GET"]}}],"collection":[{"href":"https:\/\/aukinkochile.com\/web\/wp-json\/wp\/v2\/product"}],"about":[{"href":"https:\/\/aukinkochile.com\/web\/wp-json\/wp\/v2\/types\/product"}],"replies":[{"embeddable":true,"href":"https:\/\/aukinkochile.com\/web\/wp-json\/wp\/v2\/comments?post=632969"}],"wp:featuredmedia":[{"embeddable":true,"href":"https:\/\/aukinkochile.com\/web\/wp-json\/wp\/v2\/media\/622496"}],"wp:attachment":[{"href":"https:\/\/aukinkochile.com\/web\/wp-json\/wp\/v2\/media?parent=632969"}],"wp:term":[{"taxonomy":"product_brand","embeddable":true,"href":"https:\/\/aukinkochile.com\/web\/wp-json\/wp\/v2\/product_brand?post=632969"},{"taxonomy":"product_cat","embeddable":true,"href":"https:\/\/aukinkochile.com\/web\/wp-json\/wp\/v2\/product_cat?post=632969"},{"taxonomy":"product_tag","embeddable":true,"href":"https:\/\/aukinkochile.com\/web\/wp-json\/wp\/v2\/product_tag?post=632969"}],"curies":[{"name":"wp","href":"https:\/\/api.w.org\/{rel}","templated":true}]}}