{"id":632965,"date":"2025-11-06T18:28:39","date_gmt":"2025-11-06T18:28:39","guid":{"rendered":"https:\/\/aukinkochile.com\/web\/producto\/crear-dinosaurios\/"},"modified":"2025-11-06T18:42:37","modified_gmt":"2025-11-06T18:42:37","slug":"crear-dinosaurios","status":"publish","type":"product","link":"https:\/\/aukinkochile.com\/web\/producto\/crear-dinosaurios\/","title":{"rendered":"Crear Dinosaurios"},"content":{"rendered":"<p>Divertido set de manualidades para los fan\u00e1ticos de los dinosaurios. Incluye un libro de proyectos a todo color de 24 p\u00e1ginas con 7 actividades muy emocionantes. Siguiendo el libro ni\u00f1os y ni\u00f1as podr\u00e1n aprender m\u00e1s sobre los dinosaurios mientras crean escenas en 3d y f\u00f3siles fascinantes, tambi\u00e9n pueden moldear un estegosaurio, hacer un volc\u00e1n para colgar en la pared y dibujar una huella de dinosaurio de tama\u00f1o real. Incluye: 2 modelos de esqueletos, arcilla de secado al aire verde y roja, yeso, molde f\u00f3sil, 3 pinturas, pincel, etiquetas de fieltro, 5 mini plumones de fibra, cinta m\u00e9trica, 2 tizas, pegamento blanco, cord\u00f3n de algod\u00f3n, almohadillas adhesivas de doble cara, piezas de dino en 3d, hoja de pegatinas y m\u00e1s. Un juego ideal para desarrollar la destreza manual y la imaginaci\u00f3n.<\/p>\n<p><p><strong>Material : <\/strong> Cart\u00f3n, Genero y Arcilla<\/p>\n<p><strong>C\u00f3digo Aukinko : <\/strong> 08-21005434<\/p>\n<p><strong>C\u00f3digo Convenio Marco : <\/strong> x<\/p>\n","protected":false},"excerpt":{"rendered":"<p>Divertido set de manualidades para los fan\u00e1ticos de los dinosaurios. Incluye un libro de proyectos a todo color de 24 p\u00e1ginas con 7 actividades muy emocionantes. Siguiendo el libro ni\u00f1os y ni\u00f1as podr\u00e1n aprender m\u00e1s sobre los dinosaurios mientras crean escenas en 3d y f\u00f3siles fascinantes, tambi\u00e9n pueden moldear un estegosaurio, hacer un volc\u00e1n para [&hellip;]<\/p>\n","protected":false},"featured_media":622478,"comment_status":"open","ping_status":"closed","template":"","meta":{"_et_pb_use_builder":"","_et_pb_old_content":"","_et_gb_content_width":""},"product_brand":[],"product_cat":[21],"product_tag":[],"class_list":{"0":"post-632965","1":"product","2":"type-product","3":"status-publish","4":"has-post-thumbnail","6":"product_cat-arte-y-manipulacion","7":"pa_edad-10-anos","8":"pa_edad-5-a-6-anos","9":"pa_edad-6-a-8-anos","10":"pa_edad-8-a-10-anos","11":"pa_marca-galt","12":"pa_medidas-4460","13":"pa_medidas-9-x-7-x-22-cm","15":"first","16":"instock","17":"shipping-taxable","18":"purchasable","19":"product-type-simple"},"aioseo_notices":[],"_links":{"self":[{"href":"https:\/\/aukinkochile.com\/web\/wp-json\/wp\/v2\/product\/632965","targetHints":{"allow":["GET"]}}],"collection":[{"href":"https:\/\/aukinkochile.com\/web\/wp-json\/wp\/v2\/product"}],"about":[{"href":"https:\/\/aukinkochile.com\/web\/wp-json\/wp\/v2\/types\/product"}],"replies":[{"embeddable":true,"href":"https:\/\/aukinkochile.com\/web\/wp-json\/wp\/v2\/comments?post=632965"}],"wp:featuredmedia":[{"embeddable":true,"href":"https:\/\/aukinkochile.com\/web\/wp-json\/wp\/v2\/media\/622478"}],"wp:attachment":[{"href":"https:\/\/aukinkochile.com\/web\/wp-json\/wp\/v2\/media?parent=632965"}],"wp:term":[{"taxonomy":"product_brand","embeddable":true,"href":"https:\/\/aukinkochile.com\/web\/wp-json\/wp\/v2\/product_brand?post=632965"},{"taxonomy":"product_cat","embeddable":true,"href":"https:\/\/aukinkochile.com\/web\/wp-json\/wp\/v2\/product_cat?post=632965"},{"taxonomy":"product_tag","embeddable":true,"href":"https:\/\/aukinkochile.com\/web\/wp-json\/wp\/v2\/product_tag?post=632965"}],"curies":[{"name":"wp","href":"https:\/\/api.w.org\/{rel}","templated":true}]}}