{"id":632964,"date":"2025-11-06T18:28:35","date_gmt":"2025-11-06T18:28:35","guid":{"rendered":"https:\/\/aukinkochile.com\/web\/producto\/crear-animales-fieltro\/"},"modified":"2025-11-06T18:42:36","modified_gmt":"2025-11-06T18:42:36","slug":"crear-animales-fieltro","status":"publish","type":"product","link":"https:\/\/aukinkochile.com\/web\/producto\/crear-animales-fieltro\/","title":{"rendered":"Crear Animales Fieltro"},"content":{"rendered":"<p>Con este hermoso set podr\u00e1s hacer 7 adorables animales con un m\u00e9todo muy simple que no utiliza agujas, solo requiere agua tibia con jab\u00f3n y la herramienta que viene en el juego. Incluye gu\u00eda paso a paso. Contiene: 7 ovillos de lana de fieltro, herramienta especial, ojos para los animales, pegamento y gu\u00eda. Para pasar horas de diversi\u00f3n.<\/p>\n<p><p><strong>Material : <\/strong> Genero y Pl\u00e1stico<\/p>\n<p><strong>C\u00f3digo Aukinko : <\/strong> 08-21005431<\/p>\n<p><strong>C\u00f3digo Convenio Marco : <\/strong> x<\/p>\n","protected":false},"excerpt":{"rendered":"<p>Con este hermoso set podr\u00e1s hacer 7 adorables animales con un m\u00e9todo muy simple que no utiliza agujas, solo requiere agua tibia con jab\u00f3n y la herramienta que viene en el juego. Incluye gu\u00eda paso a paso. Contiene: 7 ovillos de lana de fieltro, herramienta especial, ojos para los animales, pegamento y gu\u00eda. Para pasar [&hellip;]<\/p>\n","protected":false},"featured_media":625343,"comment_status":"open","ping_status":"closed","template":"","meta":{"_et_pb_use_builder":"","_et_pb_old_content":"","_et_gb_content_width":""},"product_brand":[],"product_cat":[21,20],"product_tag":[],"class_list":{"0":"post-632964","1":"product","2":"type-product","3":"status-publish","4":"has-post-thumbnail","6":"product_cat-arte-y-manipulacion","7":"product_cat-motricidad-fina","8":"pa_edad-10-anos","9":"pa_edad-5-a-6-anos","10":"pa_edad-6-a-8-anos","11":"pa_edad-8-a-10-anos","12":"pa_marca-galt","13":"pa_medidas-20-x-20-x-5-cm","15":"first","16":"instock","17":"shipping-taxable","18":"purchasable","19":"product-type-simple"},"aioseo_notices":[],"_links":{"self":[{"href":"https:\/\/aukinkochile.com\/web\/wp-json\/wp\/v2\/product\/632964","targetHints":{"allow":["GET"]}}],"collection":[{"href":"https:\/\/aukinkochile.com\/web\/wp-json\/wp\/v2\/product"}],"about":[{"href":"https:\/\/aukinkochile.com\/web\/wp-json\/wp\/v2\/types\/product"}],"replies":[{"embeddable":true,"href":"https:\/\/aukinkochile.com\/web\/wp-json\/wp\/v2\/comments?post=632964"}],"wp:featuredmedia":[{"embeddable":true,"href":"https:\/\/aukinkochile.com\/web\/wp-json\/wp\/v2\/media\/625343"}],"wp:attachment":[{"href":"https:\/\/aukinkochile.com\/web\/wp-json\/wp\/v2\/media?parent=632964"}],"wp:term":[{"taxonomy":"product_brand","embeddable":true,"href":"https:\/\/aukinkochile.com\/web\/wp-json\/wp\/v2\/product_brand?post=632964"},{"taxonomy":"product_cat","embeddable":true,"href":"https:\/\/aukinkochile.com\/web\/wp-json\/wp\/v2\/product_cat?post=632964"},{"taxonomy":"product_tag","embeddable":true,"href":"https:\/\/aukinkochile.com\/web\/wp-json\/wp\/v2\/product_tag?post=632964"}],"curies":[{"name":"wp","href":"https:\/\/api.w.org\/{rel}","templated":true}]}}