{"id":632962,"date":"2025-11-06T18:28:28","date_gmt":"2025-11-06T18:28:28","guid":{"rendered":"https:\/\/aukinkochile.com\/web\/producto\/puzle-suelo-30-pz-espacio\/"},"modified":"2025-11-06T18:42:32","modified_gmt":"2025-11-06T18:42:32","slug":"puzle-suelo-30-pz-espacio","status":"publish","type":"product","link":"https:\/\/aukinkochile.com\/web\/producto\/puzle-suelo-30-pz-espacio\/","title":{"rendered":"Puzle Suelo 30 pz Espacio"},"content":{"rendered":"<p>Puzle de suelo de 30 piezas (18 x 17 cm cada pieza aprox) incluidas 8 plantillas. Tiene muchas cosas interesantes por descubrir, por lo que el ni\u00f1o podr\u00e1 hacerlo una y otra vez.. Hecho en cart\u00f3n grueso forrado con una superficie lavable. Desde 3 a 6 a\u00f1os. Dimensiones Puzle armado 100 x 20 cm<\/p>\n<p><p><strong>Material : <\/strong> Cart\u00f3n<\/p>\n<p><strong>C\u00f3digo Aukinko : <\/strong> 08-21005413<\/p>\n<p><strong>C\u00f3digo Convenio Marco : <\/strong> x<\/p>\n","protected":false},"excerpt":{"rendered":"<p>Puzle de suelo de 30 piezas (18 x 17 cm cada pieza aprox) incluidas 8 plantillas. Tiene muchas cosas interesantes por descubrir, por lo que el ni\u00f1o podr\u00e1 hacerlo una y otra vez.. Hecho en cart\u00f3n grueso forrado con una superficie lavable. Desde 3 a 6 a\u00f1os. Dimensiones Puzle armado 100 x 20 cm Material [&hellip;]<\/p>\n","protected":false},"featured_media":625341,"comment_status":"open","ping_status":"closed","template":"","meta":{"_et_pb_use_builder":"","_et_pb_old_content":"","_et_gb_content_width":""},"product_brand":[],"product_cat":[91,20,22],"product_tag":[],"class_list":{"0":"post-632962","1":"product","2":"type-product","3":"status-publish","4":"has-post-thumbnail","6":"product_cat-accesorios-sala","7":"product_cat-motricidad-fina","8":"product_cat-puzzles","9":"pa_edad-3-a-4-anos","10":"pa_edad-4-a-5-anos","11":"pa_edad-5-a-6-anos","12":"pa_marca-galt","13":"pa_medidas-33-x-26-x-10-cm","15":"first","16":"instock","17":"shipping-taxable","18":"purchasable","19":"product-type-simple"},"aioseo_notices":[],"_links":{"self":[{"href":"https:\/\/aukinkochile.com\/web\/wp-json\/wp\/v2\/product\/632962","targetHints":{"allow":["GET"]}}],"collection":[{"href":"https:\/\/aukinkochile.com\/web\/wp-json\/wp\/v2\/product"}],"about":[{"href":"https:\/\/aukinkochile.com\/web\/wp-json\/wp\/v2\/types\/product"}],"replies":[{"embeddable":true,"href":"https:\/\/aukinkochile.com\/web\/wp-json\/wp\/v2\/comments?post=632962"}],"wp:featuredmedia":[{"embeddable":true,"href":"https:\/\/aukinkochile.com\/web\/wp-json\/wp\/v2\/media\/625341"}],"wp:attachment":[{"href":"https:\/\/aukinkochile.com\/web\/wp-json\/wp\/v2\/media?parent=632962"}],"wp:term":[{"taxonomy":"product_brand","embeddable":true,"href":"https:\/\/aukinkochile.com\/web\/wp-json\/wp\/v2\/product_brand?post=632962"},{"taxonomy":"product_cat","embeddable":true,"href":"https:\/\/aukinkochile.com\/web\/wp-json\/wp\/v2\/product_cat?post=632962"},{"taxonomy":"product_tag","embeddable":true,"href":"https:\/\/aukinkochile.com\/web\/wp-json\/wp\/v2\/product_tag?post=632962"}],"curies":[{"name":"wp","href":"https:\/\/api.w.org\/{rel}","templated":true}]}}