{"id":632961,"date":"2025-11-06T18:28:24","date_gmt":"2025-11-06T18:28:24","guid":{"rendered":"https:\/\/aukinkochile.com\/web\/producto\/crear-criaturas-del-oceano\/"},"modified":"2025-11-06T18:42:23","modified_gmt":"2025-11-06T18:42:23","slug":"crear-criaturas-del-oceano","status":"publish","type":"product","link":"https:\/\/aukinkochile.com\/web\/producto\/crear-criaturas-del-oceano\/","title":{"rendered":"Crear Criaturas del Oc\u00e9ano"},"content":{"rendered":"<p>Divertido set de manualidades para pasar horas de diversi\u00f3n. Incluye un libro de proyectos a todo color de 28 p\u00e1ginas con 10 actividades muy divertidas. Siguiendo este libro de proyectos los ni\u00f1os y ni\u00f1as podr\u00e1n aprender m\u00e1s sobre el oc\u00e9ano mientras crean criaturas del fondo del mar y mucho m\u00e1s. Podr\u00e1n crear peces brillantes, barcos de origami, tubo de olas, escenas de coral con arte de burbujas y mucho m\u00e1s. Contiene: un yeso, 5 pinturas de 5 ml, 1 pintura de 20 ml, pincel, botella de pl\u00e1stico con tapa, molde de criatura del fondo marino, 3 bolsas de arena de colores, 2 pajitas de papel, bola que brilla en la oscuridad, tarjetas de capas, hoja de pegatinas, im\u00e1genes adhesivas de arena, papel para origami, 35 hojas a5 de papel reciclado, globo, clavija de madera, limpiapipas, pegamento, bloc de dibujo y gu\u00eda de instrucciones. Un completo set de arte para estimular la creatividad de los m\u00e1s peque\u00f1os.<\/p>\n<p><p><strong>Material : <\/strong> Cart\u00f3n y Pl\u00e1stico<\/p>\n<p><strong>C\u00f3digo Aukinko : <\/strong> 08-21005407<\/p>\n<p><strong>C\u00f3digo Convenio Marco : <\/strong> x<\/p>\n","protected":false},"excerpt":{"rendered":"<p>Divertido set de manualidades para pasar horas de diversi\u00f3n. Incluye un libro de proyectos a todo color de 28 p\u00e1ginas con 10 actividades muy divertidas. Siguiendo este libro de proyectos los ni\u00f1os y ni\u00f1as podr\u00e1n aprender m\u00e1s sobre el oc\u00e9ano mientras crean criaturas del fondo del mar y mucho m\u00e1s. Podr\u00e1n crear peces brillantes, barcos [&hellip;]<\/p>\n","protected":false},"featured_media":622468,"comment_status":"open","ping_status":"closed","template":"","meta":{"_et_pb_use_builder":"","_et_pb_old_content":"","_et_gb_content_width":""},"product_brand":[],"product_cat":[21],"product_tag":[],"class_list":{"0":"post-632961","1":"product","2":"type-product","3":"status-publish","4":"has-post-thumbnail","6":"product_cat-arte-y-manipulacion","7":"pa_edad-5-a-6-anos","8":"pa_edad-6-a-8-anos","9":"pa_edad-8-a-10-anos","10":"pa_marca-galt","11":"pa_medidas-4460","12":"pa_medidas-9-x-7-x-22-cm","14":"first","15":"instock","16":"shipping-taxable","17":"purchasable","18":"product-type-simple"},"aioseo_notices":[],"_links":{"self":[{"href":"https:\/\/aukinkochile.com\/web\/wp-json\/wp\/v2\/product\/632961","targetHints":{"allow":["GET"]}}],"collection":[{"href":"https:\/\/aukinkochile.com\/web\/wp-json\/wp\/v2\/product"}],"about":[{"href":"https:\/\/aukinkochile.com\/web\/wp-json\/wp\/v2\/types\/product"}],"replies":[{"embeddable":true,"href":"https:\/\/aukinkochile.com\/web\/wp-json\/wp\/v2\/comments?post=632961"}],"wp:featuredmedia":[{"embeddable":true,"href":"https:\/\/aukinkochile.com\/web\/wp-json\/wp\/v2\/media\/622468"}],"wp:attachment":[{"href":"https:\/\/aukinkochile.com\/web\/wp-json\/wp\/v2\/media?parent=632961"}],"wp:term":[{"taxonomy":"product_brand","embeddable":true,"href":"https:\/\/aukinkochile.com\/web\/wp-json\/wp\/v2\/product_brand?post=632961"},{"taxonomy":"product_cat","embeddable":true,"href":"https:\/\/aukinkochile.com\/web\/wp-json\/wp\/v2\/product_cat?post=632961"},{"taxonomy":"product_tag","embeddable":true,"href":"https:\/\/aukinkochile.com\/web\/wp-json\/wp\/v2\/product_tag?post=632961"}],"curies":[{"name":"wp","href":"https:\/\/api.w.org\/{rel}","templated":true}]}}