{"id":632955,"date":"2025-11-06T18:28:02","date_gmt":"2025-11-06T18:28:02","guid":{"rendered":"https:\/\/aukinkochile.com\/web\/producto\/cuaderno-actividades-colorear-bumper\/"},"modified":"2025-11-06T18:42:02","modified_gmt":"2025-11-06T18:42:02","slug":"cuaderno-actividades-colorear-bumper","status":"publish","type":"product","link":"https:\/\/aukinkochile.com\/web\/producto\/cuaderno-actividades-colorear-bumper\/","title":{"rendered":"Cuaderno Actividades Colorear Bumper"},"content":{"rendered":"<p>Hermoso libro para colorear con 80 p\u00e1ginas con escenarios diferentes, para llevar a todas partes junto a tus colores y pasar horas de diversi\u00f3n.<\/p>\n<p><p><strong>Material : <\/strong> Papel<\/p>\n<p><strong>C\u00f3digo Aukinko : <\/strong> 08-21005314<\/p>\n<p><strong>C\u00f3digo Convenio Marco : <\/strong> x<\/p>\n","protected":false},"excerpt":{"rendered":"<p>Hermoso libro para colorear con 80 p\u00e1ginas con escenarios diferentes, para llevar a todas partes junto a tus colores y pasar horas de diversi\u00f3n. Material : Papel C\u00f3digo Aukinko : 08-21005314 C\u00f3digo Convenio Marco : x<\/p>\n","protected":false},"featured_media":625323,"comment_status":"open","ping_status":"closed","template":"","meta":{"_et_pb_use_builder":"","_et_pb_old_content":"","_et_gb_content_width":""},"product_brand":[],"product_cat":[21],"product_tag":[],"class_list":{"0":"post-632955","1":"product","2":"type-product","3":"status-publish","4":"has-post-thumbnail","6":"product_cat-arte-y-manipulacion","7":"pa_edad-3-a-4-anos","8":"pa_edad-4-a-5-anos","9":"pa_edad-5-a-6-anos","10":"pa_edad-6-a-8-anos","11":"pa_marca-galt","12":"pa_medidas-4569","13":"pa_medidas-7-x-21-cm","15":"first","16":"instock","17":"shipping-taxable","18":"purchasable","19":"product-type-simple"},"aioseo_notices":[],"_links":{"self":[{"href":"https:\/\/aukinkochile.com\/web\/wp-json\/wp\/v2\/product\/632955","targetHints":{"allow":["GET"]}}],"collection":[{"href":"https:\/\/aukinkochile.com\/web\/wp-json\/wp\/v2\/product"}],"about":[{"href":"https:\/\/aukinkochile.com\/web\/wp-json\/wp\/v2\/types\/product"}],"replies":[{"embeddable":true,"href":"https:\/\/aukinkochile.com\/web\/wp-json\/wp\/v2\/comments?post=632955"}],"wp:featuredmedia":[{"embeddable":true,"href":"https:\/\/aukinkochile.com\/web\/wp-json\/wp\/v2\/media\/625323"}],"wp:attachment":[{"href":"https:\/\/aukinkochile.com\/web\/wp-json\/wp\/v2\/media?parent=632955"}],"wp:term":[{"taxonomy":"product_brand","embeddable":true,"href":"https:\/\/aukinkochile.com\/web\/wp-json\/wp\/v2\/product_brand?post=632955"},{"taxonomy":"product_cat","embeddable":true,"href":"https:\/\/aukinkochile.com\/web\/wp-json\/wp\/v2\/product_cat?post=632955"},{"taxonomy":"product_tag","embeddable":true,"href":"https:\/\/aukinkochile.com\/web\/wp-json\/wp\/v2\/product_tag?post=632955"}],"curies":[{"name":"wp","href":"https:\/\/api.w.org\/{rel}","templated":true}]}}