{"id":632953,"date":"2025-11-06T18:27:54","date_gmt":"2025-11-06T18:27:54","guid":{"rendered":"https:\/\/aukinkochile.com\/web\/producto\/cuaderno-magico-first-dinosaurios\/"},"modified":"2025-11-06T18:41:58","modified_gmt":"2025-11-06T18:41:58","slug":"cuaderno-magico-first-dinosaurios","status":"publish","type":"product","link":"https:\/\/aukinkochile.com\/web\/producto\/cuaderno-magico-first-dinosaurios\/","title":{"rendered":"Cuaderno M\u00e1gico First Dinosaurios"},"content":{"rendered":"<p>6 im\u00e1genes reutilizables con bol\u00edgrafo de agua grueso.\u00a0Estos divertidos libros cuentan con 6 im\u00e1genes reutilizables para colorear con el bol\u00edgrafo de agua, solo se debe llenar el bol\u00edgrafo y utilizarlo para revelar las im\u00e1genes ocultas de baby dinosaurios.\u00a0Las im\u00e1genes de colores aparecen m\u00e1gicamente y luego desaparecen para que los ni\u00f1os puedan disfrutar coloreando una y otra vez.\u00a0Ideal para viajar.<\/p>\n<p><p><strong>Material : <\/strong> Cart\u00f3n Duro<\/p>\n<p><strong>C\u00f3digo Aukinko : <\/strong> 08-21005296<\/p>\n<p><strong>C\u00f3digo Convenio Marco : <\/strong> x<\/p>\n","protected":false},"excerpt":{"rendered":"<p>6 im\u00e1genes reutilizables con bol\u00edgrafo de agua grueso.\u00a0Estos divertidos libros cuentan con 6 im\u00e1genes reutilizables para colorear con el bol\u00edgrafo de agua, solo se debe llenar el bol\u00edgrafo y utilizarlo para revelar las im\u00e1genes ocultas de baby dinosaurios.\u00a0Las im\u00e1genes de colores aparecen m\u00e1gicamente y luego desaparecen para que los ni\u00f1os puedan disfrutar coloreando una y [&hellip;]<\/p>\n","protected":false},"featured_media":625320,"comment_status":"open","ping_status":"closed","template":"","meta":{"_et_pb_use_builder":"","_et_pb_old_content":"","_et_gb_content_width":""},"product_brand":[],"product_cat":[21],"product_tag":[],"class_list":{"0":"post-632953","1":"product","2":"type-product","3":"status-publish","4":"has-post-thumbnail","6":"product_cat-arte-y-manipulacion","7":"pa_edad-1-a-2-anos","8":"pa_edad-2-a-3-anos","9":"pa_edad-3-a-4-anos","10":"pa_edad-4-a-5-anos","11":"pa_marca-galt","12":"pa_medidas-26-x-7","13":"pa_medidas-5-x-26-cm","15":"first","16":"instock","17":"shipping-taxable","18":"purchasable","19":"product-type-simple"},"aioseo_notices":[],"_links":{"self":[{"href":"https:\/\/aukinkochile.com\/web\/wp-json\/wp\/v2\/product\/632953","targetHints":{"allow":["GET"]}}],"collection":[{"href":"https:\/\/aukinkochile.com\/web\/wp-json\/wp\/v2\/product"}],"about":[{"href":"https:\/\/aukinkochile.com\/web\/wp-json\/wp\/v2\/types\/product"}],"replies":[{"embeddable":true,"href":"https:\/\/aukinkochile.com\/web\/wp-json\/wp\/v2\/comments?post=632953"}],"wp:featuredmedia":[{"embeddable":true,"href":"https:\/\/aukinkochile.com\/web\/wp-json\/wp\/v2\/media\/625320"}],"wp:attachment":[{"href":"https:\/\/aukinkochile.com\/web\/wp-json\/wp\/v2\/media?parent=632953"}],"wp:term":[{"taxonomy":"product_brand","embeddable":true,"href":"https:\/\/aukinkochile.com\/web\/wp-json\/wp\/v2\/product_brand?post=632953"},{"taxonomy":"product_cat","embeddable":true,"href":"https:\/\/aukinkochile.com\/web\/wp-json\/wp\/v2\/product_cat?post=632953"},{"taxonomy":"product_tag","embeddable":true,"href":"https:\/\/aukinkochile.com\/web\/wp-json\/wp\/v2\/product_tag?post=632953"}],"curies":[{"name":"wp","href":"https:\/\/api.w.org\/{rel}","templated":true}]}}