{"id":632952,"date":"2025-11-06T18:27:50","date_gmt":"2025-11-06T18:27:50","guid":{"rendered":"https:\/\/aukinkochile.com\/web\/producto\/cuaderno-magico-en-la-playa\/"},"modified":"2025-11-06T18:41:58","modified_gmt":"2025-11-06T18:41:58","slug":"cuaderno-magico-en-la-playa","status":"publish","type":"product","link":"https:\/\/aukinkochile.com\/web\/producto\/cuaderno-magico-en-la-playa\/","title":{"rendered":"Cuaderno M\u00e1gico en La Playa"},"content":{"rendered":"<p>Este divertido juego con espiral presenta 6 im\u00e1genes reutilizables para colorear con el plum\u00f3n de agua. Llena el plum\u00f3n con agua y \u00fasalo para revelar las im\u00e1genes ocultas, animales divertidos y objetos coloridos. Las im\u00e1genes en colores aparecer\u00e1n y luego desaparecer\u00e1, una y otra vez.<\/p>\n<p><p><strong>Material : <\/strong> Cart\u00f3n Duro<\/p>\n<p><strong>C\u00f3digo Aukinko : <\/strong> 08-21005290<\/p>\n<p><strong>C\u00f3digo Convenio Marco : <\/strong> x<\/p>\n","protected":false},"excerpt":{"rendered":"<p>Este divertido juego con espiral presenta 6 im\u00e1genes reutilizables para colorear con el plum\u00f3n de agua. Llena el plum\u00f3n con agua y \u00fasalo para revelar las im\u00e1genes ocultas, animales divertidos y objetos coloridos. Las im\u00e1genes en colores aparecer\u00e1n y luego desaparecer\u00e1, una y otra vez. Material : Cart\u00f3n Duro C\u00f3digo Aukinko : 08-21005290 C\u00f3digo Convenio [&hellip;]<\/p>\n","protected":false},"featured_media":625318,"comment_status":"open","ping_status":"closed","template":"","meta":{"_et_pb_use_builder":"","_et_pb_old_content":"","_et_gb_content_width":""},"product_brand":[],"product_cat":[21],"product_tag":[],"class_list":{"0":"post-632952","1":"product","2":"type-product","3":"status-publish","4":"has-post-thumbnail","6":"product_cat-arte-y-manipulacion","7":"pa_edad-3-a-4-anos","8":"pa_edad-4-a-5-anos","9":"pa_edad-5-a-6-anos","10":"pa_edad-6-a-8-anos","11":"pa_marca-galt","12":"pa_medidas-01-x-26","13":"pa_medidas-4314","14":"pa_medidas-49-cm","15":"pa_medidas-61-x-2","17":"first","18":"instock","19":"shipping-taxable","20":"purchasable","21":"product-type-simple"},"aioseo_notices":[],"_links":{"self":[{"href":"https:\/\/aukinkochile.com\/web\/wp-json\/wp\/v2\/product\/632952","targetHints":{"allow":["GET"]}}],"collection":[{"href":"https:\/\/aukinkochile.com\/web\/wp-json\/wp\/v2\/product"}],"about":[{"href":"https:\/\/aukinkochile.com\/web\/wp-json\/wp\/v2\/types\/product"}],"replies":[{"embeddable":true,"href":"https:\/\/aukinkochile.com\/web\/wp-json\/wp\/v2\/comments?post=632952"}],"wp:featuredmedia":[{"embeddable":true,"href":"https:\/\/aukinkochile.com\/web\/wp-json\/wp\/v2\/media\/625318"}],"wp:attachment":[{"href":"https:\/\/aukinkochile.com\/web\/wp-json\/wp\/v2\/media?parent=632952"}],"wp:term":[{"taxonomy":"product_brand","embeddable":true,"href":"https:\/\/aukinkochile.com\/web\/wp-json\/wp\/v2\/product_brand?post=632952"},{"taxonomy":"product_cat","embeddable":true,"href":"https:\/\/aukinkochile.com\/web\/wp-json\/wp\/v2\/product_cat?post=632952"},{"taxonomy":"product_tag","embeddable":true,"href":"https:\/\/aukinkochile.com\/web\/wp-json\/wp\/v2\/product_tag?post=632952"}],"curies":[{"name":"wp","href":"https:\/\/api.w.org\/{rel}","templated":true}]}}