{"id":632944,"date":"2025-11-06T18:27:20","date_gmt":"2025-11-06T18:27:20","guid":{"rendered":"https:\/\/aukinkochile.com\/web\/producto\/crear-animales-ceramica\/"},"modified":"2025-11-06T18:41:44","modified_gmt":"2025-11-06T18:41:44","slug":"crear-animales-ceramica","status":"publish","type":"product","link":"https:\/\/aukinkochile.com\/web\/producto\/crear-animales-ceramica\/","title":{"rendered":"Crear Animales Cer\u00e1mica"},"content":{"rendered":"<p>Crea y pinta 6 divertidos animales de arcilla que incluyen un olla, un plato de caracol y un p\u00e1jaro loco. Para aprender t\u00e9cnicas b\u00e1sicas de cer\u00e1mica para crear ollas y bobinas con arcilla de secado al aire. Para decorar con coloridas pinturas cer\u00e1micas y termine con patas de cord\u00f3n, colas de limpia pipas y ojos ondulados. Contiene 1,2 kg de arcilla de secado al aire, 12 pinturas de cer\u00e1mica de 2,3 ml, herramientas de modelado, 10 limpiapipas, 4 tramos de cord\u00f3n, 12 ojos ondulados, pegamento, pincel y gu\u00eda.<\/p>\n<p><p><strong>Material : <\/strong> Cer\u00e1mica y Pintura<\/p>\n<p><strong>C\u00f3digo Aukinko : <\/strong> 08-21005143<\/p>\n<p><strong>C\u00f3digo Convenio Marco : <\/strong> x<\/p>\n","protected":false},"excerpt":{"rendered":"<p>Crea y pinta 6 divertidos animales de arcilla que incluyen un olla, un plato de caracol y un p\u00e1jaro loco. Para aprender t\u00e9cnicas b\u00e1sicas de cer\u00e1mica para crear ollas y bobinas con arcilla de secado al aire. Para decorar con coloridas pinturas cer\u00e1micas y termine con patas de cord\u00f3n, colas de limpia pipas y ojos [&hellip;]<\/p>\n","protected":false},"featured_media":632943,"comment_status":"open","ping_status":"closed","template":"","meta":{"_et_pb_use_builder":"","_et_pb_old_content":"","_et_gb_content_width":""},"product_brand":[],"product_cat":[21,20],"product_tag":[],"class_list":{"0":"post-632944","1":"product","2":"type-product","3":"status-publish","4":"has-post-thumbnail","6":"product_cat-arte-y-manipulacion","7":"product_cat-motricidad-fina","8":"pa_edad-10-anos","9":"pa_edad-6-a-8-anos","10":"pa_edad-8-a-10-anos","11":"pa_marca-galt","12":"pa_medidas-32-x-6-x-23-cm","14":"first","15":"instock","16":"shipping-taxable","17":"purchasable","18":"product-type-simple"},"aioseo_notices":[],"_links":{"self":[{"href":"https:\/\/aukinkochile.com\/web\/wp-json\/wp\/v2\/product\/632944","targetHints":{"allow":["GET"]}}],"collection":[{"href":"https:\/\/aukinkochile.com\/web\/wp-json\/wp\/v2\/product"}],"about":[{"href":"https:\/\/aukinkochile.com\/web\/wp-json\/wp\/v2\/types\/product"}],"replies":[{"embeddable":true,"href":"https:\/\/aukinkochile.com\/web\/wp-json\/wp\/v2\/comments?post=632944"}],"wp:featuredmedia":[{"embeddable":true,"href":"https:\/\/aukinkochile.com\/web\/wp-json\/wp\/v2\/media\/632943"}],"wp:attachment":[{"href":"https:\/\/aukinkochile.com\/web\/wp-json\/wp\/v2\/media?parent=632944"}],"wp:term":[{"taxonomy":"product_brand","embeddable":true,"href":"https:\/\/aukinkochile.com\/web\/wp-json\/wp\/v2\/product_brand?post=632944"},{"taxonomy":"product_cat","embeddable":true,"href":"https:\/\/aukinkochile.com\/web\/wp-json\/wp\/v2\/product_cat?post=632944"},{"taxonomy":"product_tag","embeddable":true,"href":"https:\/\/aukinkochile.com\/web\/wp-json\/wp\/v2\/product_tag?post=632944"}],"curies":[{"name":"wp","href":"https:\/\/api.w.org\/{rel}","templated":true}]}}