{"id":632942,"date":"2025-11-06T18:27:16","date_gmt":"2025-11-06T18:27:16","guid":{"rendered":"https:\/\/aukinkochile.com\/web\/producto\/laboratorio-burbujas\/"},"modified":"2025-11-06T18:41:41","modified_gmt":"2025-11-06T18:41:41","slug":"laboratorio-burbujas","status":"publish","type":"product","link":"https:\/\/aukinkochile.com\/web\/producto\/laboratorio-burbujas\/","title":{"rendered":"Laboratorio Burbujas"},"content":{"rendered":"<p>Explora este emocionante kit y sopla unas mega burbujas. Crea formas de burbujas en 3d. Descubre 7 experimentos divertidos para fomentar el aprendizaje temprano del stem y el pensamiento cient\u00edfico. Contiene folleto explicativo.<\/p>\n<p><p><strong>Material : <\/strong> Pl\u00e1stico<\/p>\n<p><strong>C\u00f3digo Aukinko : <\/strong> 08-21005137<\/p>\n<p><strong>C\u00f3digo Convenio Marco : <\/strong> x<\/p>\n","protected":false},"excerpt":{"rendered":"<p>Explora este emocionante kit y sopla unas mega burbujas. Crea formas de burbujas en 3d. Descubre 7 experimentos divertidos para fomentar el aprendizaje temprano del stem y el pensamiento cient\u00edfico. Contiene folleto explicativo. Material : Pl\u00e1stico C\u00f3digo Aukinko : 08-21005137 C\u00f3digo Convenio Marco : x<\/p>\n","protected":false},"featured_media":625307,"comment_status":"open","ping_status":"closed","template":"","meta":{"_et_pb_use_builder":"","_et_pb_old_content":"","_et_gb_content_width":""},"product_brand":[],"product_cat":[92],"product_tag":[],"class_list":{"0":"post-632942","1":"product","2":"type-product","3":"status-publish","4":"has-post-thumbnail","6":"product_cat-ciencias","7":"pa_edad-10-anos","8":"pa_edad-8-a-10-anos","9":"pa_marca-galt","10":"pa_medidas-4501","11":"pa_medidas-5-cm","12":"pa_medidas-5-x-5-x-26","14":"first","15":"instock","16":"shipping-taxable","17":"purchasable","18":"product-type-simple"},"aioseo_notices":[],"_links":{"self":[{"href":"https:\/\/aukinkochile.com\/web\/wp-json\/wp\/v2\/product\/632942","targetHints":{"allow":["GET"]}}],"collection":[{"href":"https:\/\/aukinkochile.com\/web\/wp-json\/wp\/v2\/product"}],"about":[{"href":"https:\/\/aukinkochile.com\/web\/wp-json\/wp\/v2\/types\/product"}],"replies":[{"embeddable":true,"href":"https:\/\/aukinkochile.com\/web\/wp-json\/wp\/v2\/comments?post=632942"}],"wp:featuredmedia":[{"embeddable":true,"href":"https:\/\/aukinkochile.com\/web\/wp-json\/wp\/v2\/media\/625307"}],"wp:attachment":[{"href":"https:\/\/aukinkochile.com\/web\/wp-json\/wp\/v2\/media?parent=632942"}],"wp:term":[{"taxonomy":"product_brand","embeddable":true,"href":"https:\/\/aukinkochile.com\/web\/wp-json\/wp\/v2\/product_brand?post=632942"},{"taxonomy":"product_cat","embeddable":true,"href":"https:\/\/aukinkochile.com\/web\/wp-json\/wp\/v2\/product_cat?post=632942"},{"taxonomy":"product_tag","embeddable":true,"href":"https:\/\/aukinkochile.com\/web\/wp-json\/wp\/v2\/product_tag?post=632942"}],"curies":[{"name":"wp","href":"https:\/\/api.w.org\/{rel}","templated":true}]}}