{"id":632941,"date":"2025-11-06T18:27:13","date_gmt":"2025-11-06T18:27:13","guid":{"rendered":"https:\/\/aukinkochile.com\/web\/producto\/laboratorio-cocina\/"},"modified":"2025-11-06T18:41:41","modified_gmt":"2025-11-06T18:41:41","slug":"laboratorio-cocina","status":"publish","type":"product","link":"https:\/\/aukinkochile.com\/web\/producto\/laboratorio-cocina\/","title":{"rendered":"Laboratorio Cocina"},"content":{"rendered":"<p>Este emocionante kit explora la ciencia de la cocina. Aprende como encender un reloj con una manzana, haz c\u00f3cteles que cambian de color y m\u00e1s. Incluye 6 experimentos divertidos para fomentar el aprendizaje temprano y el pensamiento cient\u00edfico. Contiene partes del reloj de manzana, levadura, vinagre, bandeja de cubitos de hielo, 2 globos, calcoman\u00edas, folleto de laboratorio de 16 p\u00e1ginas a todo color y m\u00e1s. Recomendado para ni\u00f1os de m\u00e1s de 5 a\u00f1os.<\/p>\n<p><p><strong>Material : <\/strong> Pl\u00e1stico<\/p>\n<p><strong>C\u00f3digo Aukinko : <\/strong> 08-21005134<\/p>\n<p><strong>C\u00f3digo Convenio Marco : <\/strong> x<\/p>\n","protected":false},"excerpt":{"rendered":"<p>Este emocionante kit explora la ciencia de la cocina. Aprende como encender un reloj con una manzana, haz c\u00f3cteles que cambian de color y m\u00e1s. Incluye 6 experimentos divertidos para fomentar el aprendizaje temprano y el pensamiento cient\u00edfico. Contiene partes del reloj de manzana, levadura, vinagre, bandeja de cubitos de hielo, 2 globos, calcoman\u00edas, folleto [&hellip;]<\/p>\n","protected":false},"featured_media":625306,"comment_status":"open","ping_status":"closed","template":"","meta":{"_et_pb_use_builder":"","_et_pb_old_content":"","_et_gb_content_width":""},"product_brand":[],"product_cat":[92],"product_tag":[],"class_list":{"0":"post-632941","1":"product","2":"type-product","3":"status-publish","4":"has-post-thumbnail","6":"product_cat-ciencias","7":"pa_edad-5-a-6-anos","8":"pa_edad-6-a-8-anos","9":"pa_edad-8-a-10-anos","10":"pa_marca-galt","11":"pa_medidas-4501","12":"pa_medidas-5-cm","13":"pa_medidas-5-x-5-x-26","15":"first","16":"instock","17":"shipping-taxable","18":"purchasable","19":"product-type-simple"},"aioseo_notices":[],"_links":{"self":[{"href":"https:\/\/aukinkochile.com\/web\/wp-json\/wp\/v2\/product\/632941","targetHints":{"allow":["GET"]}}],"collection":[{"href":"https:\/\/aukinkochile.com\/web\/wp-json\/wp\/v2\/product"}],"about":[{"href":"https:\/\/aukinkochile.com\/web\/wp-json\/wp\/v2\/types\/product"}],"replies":[{"embeddable":true,"href":"https:\/\/aukinkochile.com\/web\/wp-json\/wp\/v2\/comments?post=632941"}],"wp:featuredmedia":[{"embeddable":true,"href":"https:\/\/aukinkochile.com\/web\/wp-json\/wp\/v2\/media\/625306"}],"wp:attachment":[{"href":"https:\/\/aukinkochile.com\/web\/wp-json\/wp\/v2\/media?parent=632941"}],"wp:term":[{"taxonomy":"product_brand","embeddable":true,"href":"https:\/\/aukinkochile.com\/web\/wp-json\/wp\/v2\/product_brand?post=632941"},{"taxonomy":"product_cat","embeddable":true,"href":"https:\/\/aukinkochile.com\/web\/wp-json\/wp\/v2\/product_cat?post=632941"},{"taxonomy":"product_tag","embeddable":true,"href":"https:\/\/aukinkochile.com\/web\/wp-json\/wp\/v2\/product_tag?post=632941"}],"curies":[{"name":"wp","href":"https:\/\/api.w.org\/{rel}","templated":true}]}}