{"id":632940,"date":"2025-11-06T18:27:09","date_gmt":"2025-11-06T18:27:09","guid":{"rendered":"https:\/\/aukinkochile.com\/web\/producto\/laboratorio-dinosaurio\/"},"modified":"2025-11-06T18:41:40","modified_gmt":"2025-11-06T18:41:40","slug":"laboratorio-dinosaurio","status":"publish","type":"product","link":"https:\/\/aukinkochile.com\/web\/producto\/laboratorio-dinosaurio\/","title":{"rendered":"Laboratorio Dinosaurio"},"content":{"rendered":"<p>Este emocionante kit es ideal para los amantes de los dinosaurios. Descubre los huesos de estas criaturas prehist\u00f3ricas haciendo tus propias pistas. Contiene piedra de excavaci\u00f3n, herramientas de excavaci\u00f3n, gafas de juego, arcilla de secado al aire, pegatinas, cuaderno de laboratorio de 16 p\u00e1ginas a todo color y m\u00e1s. Recomendado para ni\u00f1os de m\u00e1s de 5 a\u00f1os.<\/p>\n<p><p><strong>Material : <\/strong> Pl\u00e1stico<\/p>\n<p><strong>C\u00f3digo Aukinko : <\/strong> 08-21005131<\/p>\n<p><strong>C\u00f3digo Convenio Marco : <\/strong> x<\/p>\n","protected":false},"excerpt":{"rendered":"<p>Este emocionante kit es ideal para los amantes de los dinosaurios. Descubre los huesos de estas criaturas prehist\u00f3ricas haciendo tus propias pistas. Contiene piedra de excavaci\u00f3n, herramientas de excavaci\u00f3n, gafas de juego, arcilla de secado al aire, pegatinas, cuaderno de laboratorio de 16 p\u00e1ginas a todo color y m\u00e1s. Recomendado para ni\u00f1os de m\u00e1s de [&hellip;]<\/p>\n","protected":false},"featured_media":629596,"comment_status":"open","ping_status":"closed","template":"","meta":{"_et_pb_use_builder":"","_et_pb_old_content":"","_et_gb_content_width":""},"product_brand":[],"product_cat":[92],"product_tag":[],"class_list":{"0":"post-632940","1":"product","2":"type-product","3":"status-publish","4":"has-post-thumbnail","6":"product_cat-ciencias","7":"pa_edad-5-a-6-anos","8":"pa_edad-6-a-8-anos","9":"pa_edad-8-a-10-anos","10":"pa_marca-galt","11":"pa_medidas-4501","12":"pa_medidas-5-cm","13":"pa_medidas-5-x-5-x-26","15":"first","16":"instock","17":"shipping-taxable","18":"purchasable","19":"product-type-simple"},"aioseo_notices":[],"_links":{"self":[{"href":"https:\/\/aukinkochile.com\/web\/wp-json\/wp\/v2\/product\/632940","targetHints":{"allow":["GET"]}}],"collection":[{"href":"https:\/\/aukinkochile.com\/web\/wp-json\/wp\/v2\/product"}],"about":[{"href":"https:\/\/aukinkochile.com\/web\/wp-json\/wp\/v2\/types\/product"}],"replies":[{"embeddable":true,"href":"https:\/\/aukinkochile.com\/web\/wp-json\/wp\/v2\/comments?post=632940"}],"wp:featuredmedia":[{"embeddable":true,"href":"https:\/\/aukinkochile.com\/web\/wp-json\/wp\/v2\/media\/629596"}],"wp:attachment":[{"href":"https:\/\/aukinkochile.com\/web\/wp-json\/wp\/v2\/media?parent=632940"}],"wp:term":[{"taxonomy":"product_brand","embeddable":true,"href":"https:\/\/aukinkochile.com\/web\/wp-json\/wp\/v2\/product_brand?post=632940"},{"taxonomy":"product_cat","embeddable":true,"href":"https:\/\/aukinkochile.com\/web\/wp-json\/wp\/v2\/product_cat?post=632940"},{"taxonomy":"product_tag","embeddable":true,"href":"https:\/\/aukinkochile.com\/web\/wp-json\/wp\/v2\/product_tag?post=632940"}],"curies":[{"name":"wp","href":"https:\/\/api.w.org\/{rel}","templated":true}]}}