{"id":632939,"date":"2025-11-06T18:27:05","date_gmt":"2025-11-06T18:27:05","guid":{"rendered":"https:\/\/aukinkochile.com\/web\/producto\/laboratorio-color\/"},"modified":"2025-11-06T18:41:40","modified_gmt":"2025-11-06T18:41:40","slug":"laboratorio-color","status":"publish","type":"product","link":"https:\/\/aukinkochile.com\/web\/producto\/laboratorio-color\/","title":{"rendered":"Laboratorio Color"},"content":{"rendered":"<p>Explora este emocionante kit y mezcla limos que brillan en la oscuridad, moldea 3 criaturas sombr\u00edas, incluyendo una serpiente plateada y descubre c\u00f3mo puedes hacer que el color de limo cambie. Incluye un libro de laboratorio a todo color de 12 p\u00e1ginas con 4 experimentos divertidos. Recomendado para ni\u00f1os de m\u00e1s de 5 a\u00f1os. <\/p>\n<p><p><strong>Material : <\/strong> Pl\u00e1stico<\/p>\n<p><strong>C\u00f3digo Aukinko : <\/strong> 08-21005128<\/p>\n<p><strong>C\u00f3digo Convenio Marco : <\/strong> x<\/p>\n","protected":false},"excerpt":{"rendered":"<p>Explora este emocionante kit y mezcla limos que brillan en la oscuridad, moldea 3 criaturas sombr\u00edas, incluyendo una serpiente plateada y descubre c\u00f3mo puedes hacer que el color de limo cambie. Incluye un libro de laboratorio a todo color de 12 p\u00e1ginas con 4 experimentos divertidos. Recomendado para ni\u00f1os de m\u00e1s de 5 a\u00f1os. Material [&hellip;]<\/p>\n","protected":false},"featured_media":625305,"comment_status":"open","ping_status":"closed","template":"","meta":{"_et_pb_use_builder":"","_et_pb_old_content":"","_et_gb_content_width":""},"product_brand":[],"product_cat":[92],"product_tag":[],"class_list":{"0":"post-632939","1":"product","2":"type-product","3":"status-publish","4":"has-post-thumbnail","6":"product_cat-ciencias","7":"pa_edad-5-a-6-anos","8":"pa_edad-6-a-8-anos","9":"pa_edad-8-a-10-anos","10":"pa_marca-galt","11":"pa_medidas-4501","12":"pa_medidas-5-cm","13":"pa_medidas-5-x-5-x-26","15":"first","16":"instock","17":"shipping-taxable","18":"purchasable","19":"product-type-simple"},"aioseo_notices":[],"_links":{"self":[{"href":"https:\/\/aukinkochile.com\/web\/wp-json\/wp\/v2\/product\/632939","targetHints":{"allow":["GET"]}}],"collection":[{"href":"https:\/\/aukinkochile.com\/web\/wp-json\/wp\/v2\/product"}],"about":[{"href":"https:\/\/aukinkochile.com\/web\/wp-json\/wp\/v2\/types\/product"}],"replies":[{"embeddable":true,"href":"https:\/\/aukinkochile.com\/web\/wp-json\/wp\/v2\/comments?post=632939"}],"wp:featuredmedia":[{"embeddable":true,"href":"https:\/\/aukinkochile.com\/web\/wp-json\/wp\/v2\/media\/625305"}],"wp:attachment":[{"href":"https:\/\/aukinkochile.com\/web\/wp-json\/wp\/v2\/media?parent=632939"}],"wp:term":[{"taxonomy":"product_brand","embeddable":true,"href":"https:\/\/aukinkochile.com\/web\/wp-json\/wp\/v2\/product_brand?post=632939"},{"taxonomy":"product_cat","embeddable":true,"href":"https:\/\/aukinkochile.com\/web\/wp-json\/wp\/v2\/product_cat?post=632939"},{"taxonomy":"product_tag","embeddable":true,"href":"https:\/\/aukinkochile.com\/web\/wp-json\/wp\/v2\/product_tag?post=632939"}],"curies":[{"name":"wp","href":"https:\/\/api.w.org\/{rel}","templated":true}]}}