{"id":632932,"date":"2025-11-06T18:26:35","date_gmt":"2025-11-06T18:26:35","guid":{"rendered":"https:\/\/aukinkochile.com\/web\/producto\/laboratorio-cuerpo-humano\/"},"modified":"2025-11-06T18:41:15","modified_gmt":"2025-11-06T18:41:15","slug":"laboratorio-cuerpo-humano","status":"publish","type":"product","link":"https:\/\/aukinkochile.com\/web\/producto\/laboratorio-cuerpo-humano\/","title":{"rendered":"Laboratorio Cuerpo Humano"},"content":{"rendered":"<p>\u00a1Escucha un latido del coraz\u00f3n, mide el aire en tus pulmones y prueba la memoria muscular! \u00a1Descubra la fuerza del cabello, analice las huellas digitales y explore las bacterias buenas y malas en su piel! Incluye 14 divertidos experimentos. Contenido: estetoscopio, 2 placas de petri, guantes, plumas, cinta m\u00e9trica, jeringa, tubos, almohadilla de tinta de huellas dactilares, hojas de identificaci\u00f3n, lupa, etiquetas adhesivas reutilizables para huesos y \u00f3rganos, tarjetas de esqueleto, tarjetas de \u00f3rganos, tarjetas impresas, carteles del sistema digestivo, block de notas y libro laboratorio de 32 p\u00e1ginas y m\u00e1s. Recomendado para ni\u00f1os a partir de 6 a\u00f1os.<\/p>\n<p><p><strong>Material : <\/strong> Pl\u00e1stico<\/p>\n<p><strong>C\u00f3digo Aukinko : <\/strong> 08-21005005<\/p>\n<p><strong>C\u00f3digo Convenio Marco : <\/strong> x<\/p>\n","protected":false},"excerpt":{"rendered":"<p>\u00a1Escucha un latido del coraz\u00f3n, mide el aire en tus pulmones y prueba la memoria muscular! \u00a1Descubra la fuerza del cabello, analice las huellas digitales y explore las bacterias buenas y malas en su piel! Incluye 14 divertidos experimentos. Contenido: estetoscopio, 2 placas de petri, guantes, plumas, cinta m\u00e9trica, jeringa, tubos, almohadilla de tinta de [&hellip;]<\/p>\n","protected":false},"featured_media":625286,"comment_status":"open","ping_status":"closed","template":"","meta":{"_et_pb_use_builder":"","_et_pb_old_content":"","_et_gb_content_width":""},"product_brand":[],"product_cat":[92],"product_tag":[],"class_list":{"0":"post-632932","1":"product","2":"type-product","3":"status-publish","4":"has-post-thumbnail","6":"product_cat-ciencias","7":"pa_edad-5-a-6-anos","8":"pa_edad-6-a-8-anos","9":"pa_edad-8-a-10-anos","10":"pa_marca-galt","11":"pa_medidas-caja-31-x-7-x-22-cm","13":"first","14":"instock","15":"shipping-taxable","16":"purchasable","17":"product-type-simple"},"aioseo_notices":[],"_links":{"self":[{"href":"https:\/\/aukinkochile.com\/web\/wp-json\/wp\/v2\/product\/632932","targetHints":{"allow":["GET"]}}],"collection":[{"href":"https:\/\/aukinkochile.com\/web\/wp-json\/wp\/v2\/product"}],"about":[{"href":"https:\/\/aukinkochile.com\/web\/wp-json\/wp\/v2\/types\/product"}],"replies":[{"embeddable":true,"href":"https:\/\/aukinkochile.com\/web\/wp-json\/wp\/v2\/comments?post=632932"}],"wp:featuredmedia":[{"embeddable":true,"href":"https:\/\/aukinkochile.com\/web\/wp-json\/wp\/v2\/media\/625286"}],"wp:attachment":[{"href":"https:\/\/aukinkochile.com\/web\/wp-json\/wp\/v2\/media?parent=632932"}],"wp:term":[{"taxonomy":"product_brand","embeddable":true,"href":"https:\/\/aukinkochile.com\/web\/wp-json\/wp\/v2\/product_brand?post=632932"},{"taxonomy":"product_cat","embeddable":true,"href":"https:\/\/aukinkochile.com\/web\/wp-json\/wp\/v2\/product_cat?post=632932"},{"taxonomy":"product_tag","embeddable":true,"href":"https:\/\/aukinkochile.com\/web\/wp-json\/wp\/v2\/product_tag?post=632932"}],"curies":[{"name":"wp","href":"https:\/\/api.w.org\/{rel}","templated":true}]}}