{"id":632927,"date":"2025-11-06T18:26:16","date_gmt":"2025-11-06T18:26:16","guid":{"rendered":"https:\/\/aukinkochile.com\/web\/producto\/cuaderno-magico-safari\/"},"modified":"2025-11-06T18:41:07","modified_gmt":"2025-11-06T18:41:07","slug":"cuaderno-magico-safari","status":"publish","type":"product","link":"https:\/\/aukinkochile.com\/web\/producto\/cuaderno-magico-safari\/","title":{"rendered":"Cuaderno M\u00e1gico Safari"},"content":{"rendered":"<p>6 im\u00e1genes de personajes ocultos para revelar con el agua. Llene el l\u00e1piz con agua y use para colorear las im\u00e1genes. Las im\u00e1genes de animales coloreados aparecer\u00e1n y luego desaparecer\u00e1n una y otra vez. Ideal para viajar.<\/p>\n<p><p><strong>Material : <\/strong> Papel<\/p>\n<p><strong>C\u00f3digo Aukinko : <\/strong> 08-21004927<\/p>\n<p><strong>C\u00f3digo Convenio Marco : <\/strong> x<\/p>\n","protected":false},"excerpt":{"rendered":"<p>6 im\u00e1genes de personajes ocultos para revelar con el agua. Llene el l\u00e1piz con agua y use para colorear las im\u00e1genes. Las im\u00e1genes de animales coloreados aparecer\u00e1n y luego desaparecer\u00e1n una y otra vez. Ideal para viajar. Material : Papel C\u00f3digo Aukinko : 08-21004927 C\u00f3digo Convenio Marco : x<\/p>\n","protected":false},"featured_media":625278,"comment_status":"open","ping_status":"closed","template":"","meta":{"_et_pb_use_builder":"","_et_pb_old_content":"","_et_gb_content_width":""},"product_brand":[],"product_cat":[21],"product_tag":[],"class_list":{"0":"post-632927","1":"product","2":"type-product","3":"status-publish","4":"has-post-thumbnail","6":"product_cat-arte-y-manipulacion","7":"pa_edad-3-a-4-anos","8":"pa_edad-4-a-5-anos","9":"pa_edad-5-a-6-anos","10":"pa_edad-6-a-8-anos","11":"pa_marca-galt","12":"pa_medidas-27-x-15","13":"pa_medidas-5-cm","14":"pa_medidas-5-x-0","16":"first","17":"instock","18":"shipping-taxable","19":"purchasable","20":"product-type-simple"},"aioseo_notices":[],"_links":{"self":[{"href":"https:\/\/aukinkochile.com\/web\/wp-json\/wp\/v2\/product\/632927","targetHints":{"allow":["GET"]}}],"collection":[{"href":"https:\/\/aukinkochile.com\/web\/wp-json\/wp\/v2\/product"}],"about":[{"href":"https:\/\/aukinkochile.com\/web\/wp-json\/wp\/v2\/types\/product"}],"replies":[{"embeddable":true,"href":"https:\/\/aukinkochile.com\/web\/wp-json\/wp\/v2\/comments?post=632927"}],"wp:featuredmedia":[{"embeddable":true,"href":"https:\/\/aukinkochile.com\/web\/wp-json\/wp\/v2\/media\/625278"}],"wp:attachment":[{"href":"https:\/\/aukinkochile.com\/web\/wp-json\/wp\/v2\/media?parent=632927"}],"wp:term":[{"taxonomy":"product_brand","embeddable":true,"href":"https:\/\/aukinkochile.com\/web\/wp-json\/wp\/v2\/product_brand?post=632927"},{"taxonomy":"product_cat","embeddable":true,"href":"https:\/\/aukinkochile.com\/web\/wp-json\/wp\/v2\/product_cat?post=632927"},{"taxonomy":"product_tag","embeddable":true,"href":"https:\/\/aukinkochile.com\/web\/wp-json\/wp\/v2\/product_tag?post=632927"}],"curies":[{"name":"wp","href":"https:\/\/api.w.org\/{rel}","templated":true}]}}