{"id":632918,"date":"2025-11-06T18:25:43","date_gmt":"2025-11-06T18:25:43","guid":{"rendered":"https:\/\/aukinkochile.com\/web\/producto\/mosaico-basico\/"},"modified":"2025-11-06T18:40:46","modified_gmt":"2025-11-06T18:40:46","slug":"mosaico-basico","status":"publish","type":"product","link":"https:\/\/aukinkochile.com\/web\/producto\/mosaico-basico\/","title":{"rendered":"Mosaico B\u00e1sico"},"content":{"rendered":"<p>Este primer mosaico es una actividad divertida para fomentar la destreza manual y el reconocimiento de colores y formas mientras los ni\u00f1os y ni\u00f1as combinan las piezas de espuma con las formas de colores de las im\u00e1genes para crear 6 coloridos mosaicos.\u00a0Las formas de espuma son autoadhesivas y no requieren pegamento, ideales para viajar.<\/p>\n<p><p><strong>Material : <\/strong> Cart\u00f3n<\/p>\n<p><strong>C\u00f3digo Aukinko : <\/strong> 08-21004591<\/p>\n<p><strong>C\u00f3digo Convenio Marco : <\/strong> x<\/p>\n","protected":false},"excerpt":{"rendered":"<p>Este primer mosaico es una actividad divertida para fomentar la destreza manual y el reconocimiento de colores y formas mientras los ni\u00f1os y ni\u00f1as combinan las piezas de espuma con las formas de colores de las im\u00e1genes para crear 6 coloridos mosaicos.\u00a0Las formas de espuma son autoadhesivas y no requieren pegamento, ideales para viajar. Material [&hellip;]<\/p>\n","protected":false},"featured_media":625256,"comment_status":"open","ping_status":"closed","template":"","meta":{"_et_pb_use_builder":"","_et_pb_old_content":"","_et_gb_content_width":""},"product_brand":[],"product_cat":[19,20],"product_tag":[],"class_list":{"0":"post-632918","1":"product","2":"type-product","3":"status-publish","4":"has-post-thumbnail","6":"product_cat-construccion","7":"product_cat-motricidad-fina","8":"pa_edad-3-a-4-anos","9":"pa_edad-4-a-5-anos","10":"pa_edad-5-a-6-anos","11":"pa_edad-6-a-8-anos","12":"pa_marca-galt","13":"pa_medidas-4453","14":"pa_medidas-5-x-21","15":"pa_medidas-5-x-5-cm","17":"first","18":"instock","19":"shipping-taxable","20":"purchasable","21":"product-type-simple"},"aioseo_notices":[],"_links":{"self":[{"href":"https:\/\/aukinkochile.com\/web\/wp-json\/wp\/v2\/product\/632918","targetHints":{"allow":["GET"]}}],"collection":[{"href":"https:\/\/aukinkochile.com\/web\/wp-json\/wp\/v2\/product"}],"about":[{"href":"https:\/\/aukinkochile.com\/web\/wp-json\/wp\/v2\/types\/product"}],"replies":[{"embeddable":true,"href":"https:\/\/aukinkochile.com\/web\/wp-json\/wp\/v2\/comments?post=632918"}],"wp:featuredmedia":[{"embeddable":true,"href":"https:\/\/aukinkochile.com\/web\/wp-json\/wp\/v2\/media\/625256"}],"wp:attachment":[{"href":"https:\/\/aukinkochile.com\/web\/wp-json\/wp\/v2\/media?parent=632918"}],"wp:term":[{"taxonomy":"product_brand","embeddable":true,"href":"https:\/\/aukinkochile.com\/web\/wp-json\/wp\/v2\/product_brand?post=632918"},{"taxonomy":"product_cat","embeddable":true,"href":"https:\/\/aukinkochile.com\/web\/wp-json\/wp\/v2\/product_cat?post=632918"},{"taxonomy":"product_tag","embeddable":true,"href":"https:\/\/aukinkochile.com\/web\/wp-json\/wp\/v2\/product_tag?post=632918"}],"curies":[{"name":"wp","href":"https:\/\/api.w.org\/{rel}","templated":true}]}}