{"id":632917,"date":"2025-11-06T18:25:39","date_gmt":"2025-11-06T18:25:39","guid":{"rendered":"https:\/\/aukinkochile.com\/web\/producto\/crear-mega-mosaicos\/"},"modified":"2025-11-06T18:40:38","modified_gmt":"2025-11-06T18:40:38","slug":"crear-mega-mosaicos","status":"publish","type":"product","link":"https:\/\/aukinkochile.com\/web\/producto\/crear-mega-mosaicos\/","title":{"rendered":"Crear Mega Mosaicos"},"content":{"rendered":"<p>Con este divertido juego los ni\u00f1os y ni\u00f1as pueden hacer 12 hermosos cuadros de mosaico con azulejos de espuma de colores y purpurina. Los m\u00e1s peque\u00f1os deben hacer coincidir el color del mosaico con el n\u00famero de la imagen, despegar la parte de atr\u00e1s de los mosaicos y pegar la imagen. No requiere pegamento. Contenido: 20 l\u00e1minas de espuma de colores y con purpurina, con m\u00e1s de 7500 autoadhesivos de 6 mm. Incluye 12 im\u00e1genes en color de mosaicos por n\u00fameros, tama\u00f1o 25 x 18 cm y gu\u00eda de actividades.<\/p>\n<p><p><strong>Material : <\/strong> Papel<\/p>\n<p><strong>C\u00f3digo Aukinko : <\/strong> 08-21004414<\/p>\n<p><strong>C\u00f3digo Convenio Marco : <\/strong> x<\/p>\n","protected":false},"excerpt":{"rendered":"<p>Con este divertido juego los ni\u00f1os y ni\u00f1as pueden hacer 12 hermosos cuadros de mosaico con azulejos de espuma de colores y purpurina. Los m\u00e1s peque\u00f1os deben hacer coincidir el color del mosaico con el n\u00famero de la imagen, despegar la parte de atr\u00e1s de los mosaicos y pegar la imagen. No requiere pegamento. Contenido: [&hellip;]<\/p>\n","protected":false},"featured_media":629559,"comment_status":"open","ping_status":"closed","template":"","meta":{"_et_pb_use_builder":"","_et_pb_old_content":"","_et_gb_content_width":""},"product_brand":[],"product_cat":[21],"product_tag":[],"class_list":{"0":"post-632917","1":"product","2":"type-product","3":"status-publish","4":"has-post-thumbnail","6":"product_cat-arte-y-manipulacion","7":"pa_edad-5-a-6-anos","8":"pa_edad-6-a-8-anos","9":"pa_edad-8-a-10-anos","10":"pa_marca-galt","11":"pa_medidas-20-x-28-x-5-cm","13":"first","14":"instock","15":"shipping-taxable","16":"purchasable","17":"product-type-simple"},"aioseo_notices":[],"_links":{"self":[{"href":"https:\/\/aukinkochile.com\/web\/wp-json\/wp\/v2\/product\/632917","targetHints":{"allow":["GET"]}}],"collection":[{"href":"https:\/\/aukinkochile.com\/web\/wp-json\/wp\/v2\/product"}],"about":[{"href":"https:\/\/aukinkochile.com\/web\/wp-json\/wp\/v2\/types\/product"}],"replies":[{"embeddable":true,"href":"https:\/\/aukinkochile.com\/web\/wp-json\/wp\/v2\/comments?post=632917"}],"wp:featuredmedia":[{"embeddable":true,"href":"https:\/\/aukinkochile.com\/web\/wp-json\/wp\/v2\/media\/629559"}],"wp:attachment":[{"href":"https:\/\/aukinkochile.com\/web\/wp-json\/wp\/v2\/media?parent=632917"}],"wp:term":[{"taxonomy":"product_brand","embeddable":true,"href":"https:\/\/aukinkochile.com\/web\/wp-json\/wp\/v2\/product_brand?post=632917"},{"taxonomy":"product_cat","embeddable":true,"href":"https:\/\/aukinkochile.com\/web\/wp-json\/wp\/v2\/product_cat?post=632917"},{"taxonomy":"product_tag","embeddable":true,"href":"https:\/\/aukinkochile.com\/web\/wp-json\/wp\/v2\/product_tag?post=632917"}],"curies":[{"name":"wp","href":"https:\/\/api.w.org\/{rel}","templated":true}]}}