{"id":632915,"date":"2025-11-06T18:25:31","date_gmt":"2025-11-06T18:25:31","guid":{"rendered":"https:\/\/aukinkochile.com\/web\/producto\/hacer-pulseras-amistad\/"},"modified":"2025-11-06T18:40:37","modified_gmt":"2025-11-06T18:40:37","slug":"hacer-pulseras-amistad","status":"publish","type":"product","link":"https:\/\/aukinkochile.com\/web\/producto\/hacer-pulseras-amistad\/","title":{"rendered":"Hacer Pulseras Amistad"},"content":{"rendered":"<p>Crea pulsera de amistad tranzadas y tejidos con hilos coloridos, cuentas y cintas. Haga pulseras de cordones fr\u00edos con la rueda de trenzado de espuma. Contiene hilos de algod\u00f3n en colores surtidos, cinta de raso, cuentas surtidas, stickers, rueda de trenzado de espuma y gu\u00eda.<\/p>\n<p><p><strong>Material : <\/strong> Genero y Pl\u00e1stico<\/p>\n<p><strong>C\u00f3digo Aukinko : <\/strong> 08-21004393<\/p>\n<p><strong>C\u00f3digo Convenio Marco : <\/strong> x<\/p>\n","protected":false},"excerpt":{"rendered":"<p>Crea pulsera de amistad tranzadas y tejidos con hilos coloridos, cuentas y cintas. Haga pulseras de cordones fr\u00edos con la rueda de trenzado de espuma. Contiene hilos de algod\u00f3n en colores surtidos, cinta de raso, cuentas surtidas, stickers, rueda de trenzado de espuma y gu\u00eda. Material : Genero y Pl\u00e1stico C\u00f3digo Aukinko : 08-21004393 C\u00f3digo [&hellip;]<\/p>\n","protected":false},"featured_media":629556,"comment_status":"open","ping_status":"closed","template":"","meta":{"_et_pb_use_builder":"","_et_pb_old_content":"","_et_gb_content_width":""},"product_brand":[],"product_cat":[21,20],"product_tag":[],"class_list":{"0":"post-632915","1":"product","2":"type-product","3":"status-publish","4":"has-post-thumbnail","6":"product_cat-arte-y-manipulacion","7":"product_cat-motricidad-fina","8":"pa_edad-10-anos","9":"pa_edad-6-a-8-anos","10":"pa_edad-8-a-10-anos","11":"pa_marca-galt","12":"pa_medidas-4410","13":"pa_medidas-5-cm","14":"pa_medidas-5-x-15","15":"pa_medidas-5-x-3","17":"first","18":"instock","19":"shipping-taxable","20":"purchasable","21":"product-type-simple"},"aioseo_notices":[],"_links":{"self":[{"href":"https:\/\/aukinkochile.com\/web\/wp-json\/wp\/v2\/product\/632915","targetHints":{"allow":["GET"]}}],"collection":[{"href":"https:\/\/aukinkochile.com\/web\/wp-json\/wp\/v2\/product"}],"about":[{"href":"https:\/\/aukinkochile.com\/web\/wp-json\/wp\/v2\/types\/product"}],"replies":[{"embeddable":true,"href":"https:\/\/aukinkochile.com\/web\/wp-json\/wp\/v2\/comments?post=632915"}],"wp:featuredmedia":[{"embeddable":true,"href":"https:\/\/aukinkochile.com\/web\/wp-json\/wp\/v2\/media\/629556"}],"wp:attachment":[{"href":"https:\/\/aukinkochile.com\/web\/wp-json\/wp\/v2\/media?parent=632915"}],"wp:term":[{"taxonomy":"product_brand","embeddable":true,"href":"https:\/\/aukinkochile.com\/web\/wp-json\/wp\/v2\/product_brand?post=632915"},{"taxonomy":"product_cat","embeddable":true,"href":"https:\/\/aukinkochile.com\/web\/wp-json\/wp\/v2\/product_cat?post=632915"},{"taxonomy":"product_tag","embeddable":true,"href":"https:\/\/aukinkochile.com\/web\/wp-json\/wp\/v2\/product_tag?post=632915"}],"curies":[{"name":"wp","href":"https:\/\/api.w.org\/{rel}","templated":true}]}}