{"id":632907,"date":"2025-11-06T18:24:59","date_gmt":"2025-11-06T18:24:59","guid":{"rendered":"https:\/\/aukinkochile.com\/web\/producto\/puzle-progresivo-4-6-8-12-pz-granja\/"},"modified":"2025-11-06T18:40:25","modified_gmt":"2025-11-06T18:40:25","slug":"puzle-progresivo-4-6-8-12-pz-granja","status":"publish","type":"product","link":"https:\/\/aukinkochile.com\/web\/producto\/puzle-progresivo-4-6-8-12-pz-granja\/","title":{"rendered":"Puzle Progresivo 4, 6, 8, 12 pz Granja"},"content":{"rendered":"<p>Set de 4 Puzles con animales de la granja. Cada Puzle tiene diferente numero de piezas para fomentar el desarrollo de el juego y clasificaci\u00f3n de habilidades. 4 Puzles con 4, 6, 8 y 12 piezas.<\/p>\n<p><p><strong>Material : <\/strong> Cart\u00f3n Duro<\/p>\n<p><strong>C\u00f3digo Aukinko : <\/strong> 08-21003913<\/p>\n<p><strong>C\u00f3digo Convenio Marco : <\/strong> x<\/p>\n","protected":false},"excerpt":{"rendered":"<p>Set de 4 Puzles con animales de la granja. Cada Puzle tiene diferente numero de piezas para fomentar el desarrollo de el juego y clasificaci\u00f3n de habilidades. 4 Puzles con 4, 6, 8 y 12 piezas. Material : Cart\u00f3n Duro C\u00f3digo Aukinko : 08-21003913 C\u00f3digo Convenio Marco : x<\/p>\n","protected":false},"featured_media":625244,"comment_status":"open","ping_status":"closed","template":"","meta":{"_et_pb_use_builder":"","_et_pb_old_content":"","_et_gb_content_width":""},"product_brand":[],"product_cat":[91,20,22],"product_tag":[],"class_list":{"0":"post-632907","1":"product","2":"type-product","3":"status-publish","4":"has-post-thumbnail","6":"product_cat-accesorios-sala","7":"product_cat-motricidad-fina","8":"product_cat-puzzles","9":"pa_edad-3-a-4-anos","10":"pa_edad-4-a-5-anos","11":"pa_edad-5-a-6-anos","12":"pa_marca-galt","13":"pa_medidas-17-x-23-x-5-cm","15":"first","16":"instock","17":"shipping-taxable","18":"purchasable","19":"product-type-simple"},"aioseo_notices":[],"_links":{"self":[{"href":"https:\/\/aukinkochile.com\/web\/wp-json\/wp\/v2\/product\/632907","targetHints":{"allow":["GET"]}}],"collection":[{"href":"https:\/\/aukinkochile.com\/web\/wp-json\/wp\/v2\/product"}],"about":[{"href":"https:\/\/aukinkochile.com\/web\/wp-json\/wp\/v2\/types\/product"}],"replies":[{"embeddable":true,"href":"https:\/\/aukinkochile.com\/web\/wp-json\/wp\/v2\/comments?post=632907"}],"wp:featuredmedia":[{"embeddable":true,"href":"https:\/\/aukinkochile.com\/web\/wp-json\/wp\/v2\/media\/625244"}],"wp:attachment":[{"href":"https:\/\/aukinkochile.com\/web\/wp-json\/wp\/v2\/media?parent=632907"}],"wp:term":[{"taxonomy":"product_brand","embeddable":true,"href":"https:\/\/aukinkochile.com\/web\/wp-json\/wp\/v2\/product_brand?post=632907"},{"taxonomy":"product_cat","embeddable":true,"href":"https:\/\/aukinkochile.com\/web\/wp-json\/wp\/v2\/product_cat?post=632907"},{"taxonomy":"product_tag","embeddable":true,"href":"https:\/\/aukinkochile.com\/web\/wp-json\/wp\/v2\/product_tag?post=632907"}],"curies":[{"name":"wp","href":"https:\/\/api.w.org\/{rel}","templated":true}]}}