{"id":632906,"date":"2025-11-06T18:24:55","date_gmt":"2025-11-06T18:24:55","guid":{"rendered":"https:\/\/aukinkochile.com\/web\/producto\/puzle-magico-50-pz-pirata\/"},"modified":"2025-11-06T18:40:19","modified_gmt":"2025-11-06T18:40:19","slug":"puzle-magico-50-pz-pirata","status":"publish","type":"product","link":"https:\/\/aukinkochile.com\/web\/producto\/puzle-magico-50-pz-pirata\/","title":{"rendered":"Puzle M\u00e1gico 50 pz Pirata"},"content":{"rendered":"<p>Emocionante Puzle de 50 piezas con 15 parches m\u00e1gicos. Un entretenido barco pirata con sus personajes, Puzles que har\u00e1n disfrutar a los ni\u00f1os ya que frotando la tinta sensible al calor, descubrir\u00e1n secretos escondidos. 40 x 55 cm Puzle armado.<\/p>\n<p><p><strong>Material : <\/strong> Cart\u00f3n Duro<\/p>\n<p><strong>C\u00f3digo Aukinko : <\/strong> 08-21003850<\/p>\n<p><strong>C\u00f3digo Convenio Marco : <\/strong> x<\/p>\n","protected":false},"excerpt":{"rendered":"<p>Emocionante Puzle de 50 piezas con 15 parches m\u00e1gicos. Un entretenido barco pirata con sus personajes, Puzles que har\u00e1n disfrutar a los ni\u00f1os ya que frotando la tinta sensible al calor, descubrir\u00e1n secretos escondidos. 40 x 55 cm Puzle armado. Material : Cart\u00f3n Duro C\u00f3digo Aukinko : 08-21003850 C\u00f3digo Convenio Marco : x<\/p>\n","protected":false},"featured_media":625242,"comment_status":"open","ping_status":"closed","template":"","meta":{"_et_pb_use_builder":"","_et_pb_old_content":"","_et_gb_content_width":""},"product_brand":[],"product_cat":[20,22],"product_tag":[],"class_list":{"0":"post-632906","1":"product","2":"type-product","3":"status-publish","4":"has-post-thumbnail","6":"product_cat-motricidad-fina","7":"product_cat-puzzles","8":"pa_edad-4-a-5-anos","9":"pa_edad-5-a-6-anos","10":"pa_edad-6-a-8-anos","11":"pa_marca-galt","12":"pa_medidas-2-cm","13":"pa_medidas-2-x-7","14":"pa_medidas-4415","15":"pa_medidas-7-x-28","17":"first","18":"instock","19":"shipping-taxable","20":"purchasable","21":"product-type-simple"},"aioseo_notices":[],"_links":{"self":[{"href":"https:\/\/aukinkochile.com\/web\/wp-json\/wp\/v2\/product\/632906","targetHints":{"allow":["GET"]}}],"collection":[{"href":"https:\/\/aukinkochile.com\/web\/wp-json\/wp\/v2\/product"}],"about":[{"href":"https:\/\/aukinkochile.com\/web\/wp-json\/wp\/v2\/types\/product"}],"replies":[{"embeddable":true,"href":"https:\/\/aukinkochile.com\/web\/wp-json\/wp\/v2\/comments?post=632906"}],"wp:featuredmedia":[{"embeddable":true,"href":"https:\/\/aukinkochile.com\/web\/wp-json\/wp\/v2\/media\/625242"}],"wp:attachment":[{"href":"https:\/\/aukinkochile.com\/web\/wp-json\/wp\/v2\/media?parent=632906"}],"wp:term":[{"taxonomy":"product_brand","embeddable":true,"href":"https:\/\/aukinkochile.com\/web\/wp-json\/wp\/v2\/product_brand?post=632906"},{"taxonomy":"product_cat","embeddable":true,"href":"https:\/\/aukinkochile.com\/web\/wp-json\/wp\/v2\/product_cat?post=632906"},{"taxonomy":"product_tag","embeddable":true,"href":"https:\/\/aukinkochile.com\/web\/wp-json\/wp\/v2\/product_tag?post=632906"}],"curies":[{"name":"wp","href":"https:\/\/api.w.org\/{rel}","templated":true}]}}