{"id":632902,"date":"2025-11-06T18:24:38","date_gmt":"2025-11-06T18:24:38","guid":{"rendered":"https:\/\/aukinkochile.com\/web\/producto\/crear-tejidos-first\/"},"modified":"2025-11-06T18:40:03","modified_gmt":"2025-11-06T18:40:03","slug":"crear-tejidos-first","status":"publish","type":"product","link":"https:\/\/aukinkochile.com\/web\/producto\/crear-tejidos-first\/","title":{"rendered":"Crear Tejidos First"},"content":{"rendered":"<p>Crear una bolsa de tejido, un lindo bolso, una divertida bufanda pomp\u00f3n con la tejedora francesa, agujas de tejer y una herramienta de pomp\u00f3n. Aprenda a tejer paso a paso con una gu\u00eda. Contiene 8 ovillos de lana, palillos, calcetero franc\u00e9s, herramienta pomp\u00f3n, perlas, punz\u00f3n y gu\u00eda.<\/p>\n<p><p><strong>Material : <\/strong> Lana<\/p>\n<p><strong>C\u00f3digo Aukinko : <\/strong> 08-21003460<\/p>\n<p><strong>C\u00f3digo Convenio Marco : <\/strong> x<\/p>\n","protected":false},"excerpt":{"rendered":"<p>Crear una bolsa de tejido, un lindo bolso, una divertida bufanda pomp\u00f3n con la tejedora francesa, agujas de tejer y una herramienta de pomp\u00f3n. Aprenda a tejer paso a paso con una gu\u00eda. Contiene 8 ovillos de lana, palillos, calcetero franc\u00e9s, herramienta pomp\u00f3n, perlas, punz\u00f3n y gu\u00eda. Material : Lana C\u00f3digo Aukinko : 08-21003460 C\u00f3digo [&hellip;]<\/p>\n","protected":false},"featured_media":625235,"comment_status":"open","ping_status":"closed","template":"","meta":{"_et_pb_use_builder":"","_et_pb_old_content":"","_et_gb_content_width":""},"product_brand":[],"product_cat":[21,20],"product_tag":[],"class_list":{"0":"post-632902","1":"product","2":"type-product","3":"status-publish","4":"has-post-thumbnail","6":"product_cat-arte-y-manipulacion","7":"product_cat-motricidad-fina","8":"pa_edad-10-anos","9":"pa_edad-6-a-8-anos","10":"pa_edad-8-a-10-anos","11":"pa_marca-galt","12":"pa_medidas-4415","13":"pa_medidas-5-x-22","14":"pa_medidas-5-x-4-cm","16":"first","17":"instock","18":"shipping-taxable","19":"purchasable","20":"product-type-simple"},"aioseo_notices":[],"_links":{"self":[{"href":"https:\/\/aukinkochile.com\/web\/wp-json\/wp\/v2\/product\/632902","targetHints":{"allow":["GET"]}}],"collection":[{"href":"https:\/\/aukinkochile.com\/web\/wp-json\/wp\/v2\/product"}],"about":[{"href":"https:\/\/aukinkochile.com\/web\/wp-json\/wp\/v2\/types\/product"}],"replies":[{"embeddable":true,"href":"https:\/\/aukinkochile.com\/web\/wp-json\/wp\/v2\/comments?post=632902"}],"wp:featuredmedia":[{"embeddable":true,"href":"https:\/\/aukinkochile.com\/web\/wp-json\/wp\/v2\/media\/625235"}],"wp:attachment":[{"href":"https:\/\/aukinkochile.com\/web\/wp-json\/wp\/v2\/media?parent=632902"}],"wp:term":[{"taxonomy":"product_brand","embeddable":true,"href":"https:\/\/aukinkochile.com\/web\/wp-json\/wp\/v2\/product_brand?post=632902"},{"taxonomy":"product_cat","embeddable":true,"href":"https:\/\/aukinkochile.com\/web\/wp-json\/wp\/v2\/product_cat?post=632902"},{"taxonomy":"product_tag","embeddable":true,"href":"https:\/\/aukinkochile.com\/web\/wp-json\/wp\/v2\/product_tag?post=632902"}],"curies":[{"name":"wp","href":"https:\/\/api.w.org\/{rel}","templated":true}]}}