{"id":632901,"date":"2025-11-06T18:24:34","date_gmt":"2025-11-06T18:24:34","guid":{"rendered":"https:\/\/aukinkochile.com\/web\/producto\/hacer-joyas\/"},"modified":"2025-11-06T18:40:03","modified_gmt":"2025-11-06T18:40:03","slug":"hacer-joyas","status":"publish","type":"product","link":"https:\/\/aukinkochile.com\/web\/producto\/hacer-joyas\/","title":{"rendered":"Hacer Joyas"},"content":{"rendered":"<p>Divi\u00e9rtase haciendo pulseras y collares con cuentas. Contiene 300 cuentas de pony, formas surtidas de espuma y cuentas, piedras adhesivas, 2 pares de aros con clip, 2 anillos, 2 pinzas para el pelo, cord\u00f3n sedoso, almohadillas de espuma el\u00e1stica, pegamento con brillo y gu\u00eda. Un completo set para fabricar joyas.<\/p>\n<p><p><strong>Material : <\/strong> Pl\u00e1stico y Metal<\/p>\n<p><strong>C\u00f3digo Aukinko : <\/strong> 08-21003421<\/p>\n<p><strong>C\u00f3digo Convenio Marco : <\/strong> x<\/p>\n","protected":false},"excerpt":{"rendered":"<p>Divi\u00e9rtase haciendo pulseras y collares con cuentas. Contiene 300 cuentas de pony, formas surtidas de espuma y cuentas, piedras adhesivas, 2 pares de aros con clip, 2 anillos, 2 pinzas para el pelo, cord\u00f3n sedoso, almohadillas de espuma el\u00e1stica, pegamento con brillo y gu\u00eda. Un completo set para fabricar joyas. Material : Pl\u00e1stico y Metal [&hellip;]<\/p>\n","protected":false},"featured_media":629534,"comment_status":"open","ping_status":"closed","template":"","meta":{"_et_pb_use_builder":"","_et_pb_old_content":"","_et_gb_content_width":""},"product_brand":[],"product_cat":[21,20],"product_tag":[],"class_list":{"0":"post-632901","1":"product","2":"type-product","3":"status-publish","4":"has-post-thumbnail","6":"product_cat-arte-y-manipulacion","7":"product_cat-motricidad-fina","8":"pa_edad-10-anos","9":"pa_edad-5-a-6-anos","10":"pa_edad-6-a-8-anos","11":"pa_edad-8-a-10-anos","12":"pa_marca-galt","13":"pa_medidas-1-cm","14":"pa_medidas-23-x-17-x-5","16":"first","17":"instock","18":"shipping-taxable","19":"purchasable","20":"product-type-simple"},"aioseo_notices":[],"_links":{"self":[{"href":"https:\/\/aukinkochile.com\/web\/wp-json\/wp\/v2\/product\/632901","targetHints":{"allow":["GET"]}}],"collection":[{"href":"https:\/\/aukinkochile.com\/web\/wp-json\/wp\/v2\/product"}],"about":[{"href":"https:\/\/aukinkochile.com\/web\/wp-json\/wp\/v2\/types\/product"}],"replies":[{"embeddable":true,"href":"https:\/\/aukinkochile.com\/web\/wp-json\/wp\/v2\/comments?post=632901"}],"wp:featuredmedia":[{"embeddable":true,"href":"https:\/\/aukinkochile.com\/web\/wp-json\/wp\/v2\/media\/629534"}],"wp:attachment":[{"href":"https:\/\/aukinkochile.com\/web\/wp-json\/wp\/v2\/media?parent=632901"}],"wp:term":[{"taxonomy":"product_brand","embeddable":true,"href":"https:\/\/aukinkochile.com\/web\/wp-json\/wp\/v2\/product_brand?post=632901"},{"taxonomy":"product_cat","embeddable":true,"href":"https:\/\/aukinkochile.com\/web\/wp-json\/wp\/v2\/product_cat?post=632901"},{"taxonomy":"product_tag","embeddable":true,"href":"https:\/\/aukinkochile.com\/web\/wp-json\/wp\/v2\/product_tag?post=632901"}],"curies":[{"name":"wp","href":"https:\/\/api.w.org\/{rel}","templated":true}]}}