{"id":632900,"date":"2025-11-06T18:24:30","date_gmt":"2025-11-06T18:24:30","guid":{"rendered":"https:\/\/aukinkochile.com\/web\/producto\/crear-pelotas-saltarinas\/"},"modified":"2025-11-06T18:39:59","modified_gmt":"2025-11-06T18:39:59","slug":"crear-pelotas-saltarinas","status":"publish","type":"product","link":"https:\/\/aukinkochile.com\/web\/producto\/crear-pelotas-saltarinas\/","title":{"rendered":"Crear Pelotas Saltarinas"},"content":{"rendered":"<p>Set para crear pelotas saltarinas con cristales de colores. Se pueden hacer dos bolas grandes u 8 peque\u00f1as. Contiene 10g de cristales que brillan en la obscuridad, 2 bolas de molde y gu\u00eda. <\/p>\n<p><p><strong>Material : <\/strong> Goma<\/p>\n<p><strong>C\u00f3digo Aukinko : <\/strong> 08-21003325<\/p>\n<p><strong>C\u00f3digo Convenio Marco : <\/strong> x<\/p>\n","protected":false},"excerpt":{"rendered":"<p>Set para crear pelotas saltarinas con cristales de colores. Se pueden hacer dos bolas grandes u 8 peque\u00f1as. Contiene 10g de cristales que brillan en la obscuridad, 2 bolas de molde y gu\u00eda. Material : Goma C\u00f3digo Aukinko : 08-21003325 C\u00f3digo Convenio Marco : x<\/p>\n","protected":false},"featured_media":625234,"comment_status":"open","ping_status":"closed","template":"","meta":{"_et_pb_use_builder":"","_et_pb_old_content":"","_et_gb_content_width":""},"product_brand":[],"product_cat":[21,20],"product_tag":[],"class_list":{"0":"post-632900","1":"product","2":"type-product","3":"status-publish","4":"has-post-thumbnail","6":"product_cat-arte-y-manipulacion","7":"product_cat-motricidad-fina","8":"pa_edad-10-anos","9":"pa_edad-6-a-8-anos","10":"pa_edad-8-a-10-anos","11":"pa_marca-galt","12":"pa_medidas-27-x-15-x-3-cm","14":"first","15":"instock","16":"shipping-taxable","17":"purchasable","18":"product-type-simple"},"aioseo_notices":[],"_links":{"self":[{"href":"https:\/\/aukinkochile.com\/web\/wp-json\/wp\/v2\/product\/632900","targetHints":{"allow":["GET"]}}],"collection":[{"href":"https:\/\/aukinkochile.com\/web\/wp-json\/wp\/v2\/product"}],"about":[{"href":"https:\/\/aukinkochile.com\/web\/wp-json\/wp\/v2\/types\/product"}],"replies":[{"embeddable":true,"href":"https:\/\/aukinkochile.com\/web\/wp-json\/wp\/v2\/comments?post=632900"}],"wp:featuredmedia":[{"embeddable":true,"href":"https:\/\/aukinkochile.com\/web\/wp-json\/wp\/v2\/media\/625234"}],"wp:attachment":[{"href":"https:\/\/aukinkochile.com\/web\/wp-json\/wp\/v2\/media?parent=632900"}],"wp:term":[{"taxonomy":"product_brand","embeddable":true,"href":"https:\/\/aukinkochile.com\/web\/wp-json\/wp\/v2\/product_brand?post=632900"},{"taxonomy":"product_cat","embeddable":true,"href":"https:\/\/aukinkochile.com\/web\/wp-json\/wp\/v2\/product_cat?post=632900"},{"taxonomy":"product_tag","embeddable":true,"href":"https:\/\/aukinkochile.com\/web\/wp-json\/wp\/v2\/product_tag?post=632900"}],"curies":[{"name":"wp","href":"https:\/\/api.w.org\/{rel}","templated":true}]}}