{"id":632898,"date":"2025-11-06T18:24:22","date_gmt":"2025-11-06T18:24:22","guid":{"rendered":"https:\/\/aukinkochile.com\/web\/producto\/lapices-crayones-24-pz\/"},"modified":"2025-11-06T18:39:47","modified_gmt":"2025-11-06T18:39:47","slug":"lapices-crayones-24-pz","status":"publish","type":"product","link":"https:\/\/aukinkochile.com\/web\/producto\/lapices-crayones-24-pz\/","title":{"rendered":"L\u00e1pices Crayones 24 pz"},"content":{"rendered":"<p>24 crayones gruesos ideal para manos peque\u00f1as. Pote pl\u00e1stico redondo para guardarlo. De gran calidad. No t\u00f3xicos.<\/p>\n<p><p><strong>Material : <\/strong> Cera<\/p>\n<p><strong>C\u00f3digo Aukinko : <\/strong> 08-21003302<\/p>\n<p><strong>C\u00f3digo Convenio Marco : <\/strong> x<\/p>\n","protected":false},"excerpt":{"rendered":"<p>24 crayones gruesos ideal para manos peque\u00f1as. Pote pl\u00e1stico redondo para guardarlo. De gran calidad. No t\u00f3xicos. Material : Cera C\u00f3digo Aukinko : 08-21003302 C\u00f3digo Convenio Marco : x<\/p>\n","protected":false},"featured_media":629527,"comment_status":"open","ping_status":"closed","template":"","meta":{"_et_pb_use_builder":"","_et_pb_old_content":"","_et_gb_content_width":""},"product_brand":[],"product_cat":[21],"product_tag":[],"class_list":{"0":"post-632898","1":"product","2":"type-product","3":"status-publish","4":"has-post-thumbnail","6":"product_cat-arte-y-manipulacion","7":"pa_edad-10-anos","8":"pa_edad-3-a-4-anos","9":"pa_edad-4-a-5-anos","10":"pa_edad-5-a-6-anos","11":"pa_edad-6-a-8-anos","12":"pa_edad-8-a-10-anos","13":"pa_marca-galt","14":"pa_medidas-10-x-10-cm-diametro","16":"first","17":"instock","18":"shipping-taxable","19":"purchasable","20":"product-type-simple"},"aioseo_notices":[],"_links":{"self":[{"href":"https:\/\/aukinkochile.com\/web\/wp-json\/wp\/v2\/product\/632898","targetHints":{"allow":["GET"]}}],"collection":[{"href":"https:\/\/aukinkochile.com\/web\/wp-json\/wp\/v2\/product"}],"about":[{"href":"https:\/\/aukinkochile.com\/web\/wp-json\/wp\/v2\/types\/product"}],"replies":[{"embeddable":true,"href":"https:\/\/aukinkochile.com\/web\/wp-json\/wp\/v2\/comments?post=632898"}],"wp:featuredmedia":[{"embeddable":true,"href":"https:\/\/aukinkochile.com\/web\/wp-json\/wp\/v2\/media\/629527"}],"wp:attachment":[{"href":"https:\/\/aukinkochile.com\/web\/wp-json\/wp\/v2\/media?parent=632898"}],"wp:term":[{"taxonomy":"product_brand","embeddable":true,"href":"https:\/\/aukinkochile.com\/web\/wp-json\/wp\/v2\/product_brand?post=632898"},{"taxonomy":"product_cat","embeddable":true,"href":"https:\/\/aukinkochile.com\/web\/wp-json\/wp\/v2\/product_cat?post=632898"},{"taxonomy":"product_tag","embeddable":true,"href":"https:\/\/aukinkochile.com\/web\/wp-json\/wp\/v2\/product_tag?post=632898"}],"curies":[{"name":"wp","href":"https:\/\/api.w.org\/{rel}","templated":true}]}}