{"id":632897,"date":"2025-11-06T18:24:18","date_gmt":"2025-11-06T18:24:18","guid":{"rendered":"https:\/\/aukinkochile.com\/web\/producto\/crear-joyas-sparkle\/"},"modified":"2025-11-06T18:39:46","modified_gmt":"2025-11-06T18:39:46","slug":"crear-joyas-sparkle","status":"publish","type":"product","link":"https:\/\/aukinkochile.com\/web\/producto\/crear-joyas-sparkle\/","title":{"rendered":"Crear Joyas Sparkle"},"content":{"rendered":"<p>Crea hermosas joyas con este divertido juego, con brillo, perlas y mucho m\u00e1s. Contiene 15 cuentas redondas con dibujos, 5 cuentas con corazones, 5 cuentas con flores, pegatinas hologr\u00e1ficas, 20 cuentas con corazones, 20 cuentas con estrellas, 120 cuentas redondas, cord\u00f3n sedoso, el\u00e1stico, gu\u00eda. Recomendado a partir de 8 a\u00f1os.<\/p>\n<p><p><strong>Material : <\/strong> Pl\u00e1stico y Algod\u00f3n<\/p>\n<p><strong>C\u00f3digo Aukinko : <\/strong> 08-21003295<\/p>\n<p><strong>C\u00f3digo Convenio Marco : <\/strong> x<\/p>\n","protected":false},"excerpt":{"rendered":"<p>Crea hermosas joyas con este divertido juego, con brillo, perlas y mucho m\u00e1s. Contiene 15 cuentas redondas con dibujos, 5 cuentas con corazones, 5 cuentas con flores, pegatinas hologr\u00e1ficas, 20 cuentas con corazones, 20 cuentas con estrellas, 120 cuentas redondas, cord\u00f3n sedoso, el\u00e1stico, gu\u00eda. Recomendado a partir de 8 a\u00f1os. Material : Pl\u00e1stico y Algod\u00f3n [&hellip;]<\/p>\n","protected":false},"featured_media":629525,"comment_status":"open","ping_status":"closed","template":"","meta":{"_et_pb_use_builder":"","_et_pb_old_content":"","_et_gb_content_width":""},"product_brand":[],"product_cat":[21,20],"product_tag":[],"class_list":{"0":"post-632897","1":"product","2":"type-product","3":"status-publish","4":"has-post-thumbnail","6":"product_cat-arte-y-manipulacion","7":"product_cat-motricidad-fina","8":"pa_edad-10-anos","9":"pa_edad-6-a-8-anos","10":"pa_edad-8-a-10-anos","11":"pa_marca-galt","12":"pa_medidas-4501","13":"pa_medidas-5-cm","14":"pa_medidas-5-x-26","15":"pa_medidas-5-x-3","17":"first","18":"instock","19":"shipping-taxable","20":"purchasable","21":"product-type-simple"},"aioseo_notices":[],"_links":{"self":[{"href":"https:\/\/aukinkochile.com\/web\/wp-json\/wp\/v2\/product\/632897","targetHints":{"allow":["GET"]}}],"collection":[{"href":"https:\/\/aukinkochile.com\/web\/wp-json\/wp\/v2\/product"}],"about":[{"href":"https:\/\/aukinkochile.com\/web\/wp-json\/wp\/v2\/types\/product"}],"replies":[{"embeddable":true,"href":"https:\/\/aukinkochile.com\/web\/wp-json\/wp\/v2\/comments?post=632897"}],"wp:featuredmedia":[{"embeddable":true,"href":"https:\/\/aukinkochile.com\/web\/wp-json\/wp\/v2\/media\/629525"}],"wp:attachment":[{"href":"https:\/\/aukinkochile.com\/web\/wp-json\/wp\/v2\/media?parent=632897"}],"wp:term":[{"taxonomy":"product_brand","embeddable":true,"href":"https:\/\/aukinkochile.com\/web\/wp-json\/wp\/v2\/product_brand?post=632897"},{"taxonomy":"product_cat","embeddable":true,"href":"https:\/\/aukinkochile.com\/web\/wp-json\/wp\/v2\/product_cat?post=632897"},{"taxonomy":"product_tag","embeddable":true,"href":"https:\/\/aukinkochile.com\/web\/wp-json\/wp\/v2\/product_tag?post=632897"}],"curies":[{"name":"wp","href":"https:\/\/api.w.org\/{rel}","templated":true}]}}