{"id":632894,"date":"2025-11-06T18:24:06","date_gmt":"2025-11-06T18:24:06","guid":{"rendered":"https:\/\/aukinkochile.com\/web\/producto\/cuaderno-magico-granja\/"},"modified":"2025-11-06T18:39:38","modified_gmt":"2025-11-06T18:39:38","slug":"cuaderno-magico-granja","status":"publish","type":"product","link":"https:\/\/aukinkochile.com\/web\/producto\/cuaderno-magico-granja\/","title":{"rendered":"Cuaderno M\u00e1gico Granja"},"content":{"rendered":"<p>Al pasar el plum\u00f3n con agua por sobre el papel grueso, se empiezan a revelar las im\u00e1genes ocultas.<\/p>\n<p><p><strong>Material : <\/strong> Cart\u00f3n Grueso<\/p>\n<p><strong>C\u00f3digo Aukinko : <\/strong> 08-21003163<\/p>\n<p><strong>C\u00f3digo Convenio Marco : <\/strong> x<\/p>\n","protected":false},"excerpt":{"rendered":"<p>Al pasar el plum\u00f3n con agua por sobre el papel grueso, se empiezan a revelar las im\u00e1genes ocultas. Material : Cart\u00f3n Grueso C\u00f3digo Aukinko : 08-21003163 C\u00f3digo Convenio Marco : x<\/p>\n","protected":false},"featured_media":625228,"comment_status":"open","ping_status":"closed","template":"","meta":{"_et_pb_use_builder":"","_et_pb_old_content":"","_et_gb_content_width":""},"product_brand":[],"product_cat":[21],"product_tag":[],"class_list":{"0":"post-632894","1":"product","2":"type-product","3":"status-publish","4":"has-post-thumbnail","6":"product_cat-arte-y-manipulacion","7":"pa_edad-3-a-4-anos","8":"pa_edad-4-a-5-anos","9":"pa_edad-5-a-6-anos","10":"pa_edad-6-a-8-anos","11":"pa_marca-galt","12":"pa_medidas-12-x-2-x-25-cm","14":"first","15":"instock","16":"shipping-taxable","17":"purchasable","18":"product-type-simple"},"aioseo_notices":[],"_links":{"self":[{"href":"https:\/\/aukinkochile.com\/web\/wp-json\/wp\/v2\/product\/632894","targetHints":{"allow":["GET"]}}],"collection":[{"href":"https:\/\/aukinkochile.com\/web\/wp-json\/wp\/v2\/product"}],"about":[{"href":"https:\/\/aukinkochile.com\/web\/wp-json\/wp\/v2\/types\/product"}],"replies":[{"embeddable":true,"href":"https:\/\/aukinkochile.com\/web\/wp-json\/wp\/v2\/comments?post=632894"}],"wp:featuredmedia":[{"embeddable":true,"href":"https:\/\/aukinkochile.com\/web\/wp-json\/wp\/v2\/media\/625228"}],"wp:attachment":[{"href":"https:\/\/aukinkochile.com\/web\/wp-json\/wp\/v2\/media?parent=632894"}],"wp:term":[{"taxonomy":"product_brand","embeddable":true,"href":"https:\/\/aukinkochile.com\/web\/wp-json\/wp\/v2\/product_brand?post=632894"},{"taxonomy":"product_cat","embeddable":true,"href":"https:\/\/aukinkochile.com\/web\/wp-json\/wp\/v2\/product_cat?post=632894"},{"taxonomy":"product_tag","embeddable":true,"href":"https:\/\/aukinkochile.com\/web\/wp-json\/wp\/v2\/product_tag?post=632894"}],"curies":[{"name":"wp","href":"https:\/\/api.w.org\/{rel}","templated":true}]}}