{"id":632891,"date":"2025-11-06T18:23:53","date_gmt":"2025-11-06T18:23:53","guid":{"rendered":"https:\/\/aukinkochile.com\/web\/producto\/cuaderno-actividades-colorear-stickers\/"},"modified":"2025-11-06T18:39:00","modified_gmt":"2025-11-06T18:39:00","slug":"cuaderno-actividades-colorear-stickers","status":"publish","type":"product","link":"https:\/\/aukinkochile.com\/web\/producto\/cuaderno-actividades-colorear-stickers\/","title":{"rendered":"Cuaderno Actividades Colorear Stickers"},"content":{"rendered":"<p>24 entretenidos dibujos para colorear y con stickers para pegar.<\/p>\n<p><p><strong>Material : <\/strong> Cart\u00f3n y Papel<\/p>\n<p><strong>C\u00f3digo Aukinko : <\/strong> 08-21003068<\/p>\n<p><strong>C\u00f3digo Convenio Marco : <\/strong> x<\/p>\n","protected":false},"excerpt":{"rendered":"<p>24 entretenidos dibujos para colorear y con stickers para pegar. Material : Cart\u00f3n y Papel C\u00f3digo Aukinko : 08-21003068 C\u00f3digo Convenio Marco : x<\/p>\n","protected":false},"featured_media":625218,"comment_status":"open","ping_status":"closed","template":"","meta":{"_et_pb_use_builder":"","_et_pb_old_content":"","_et_gb_content_width":""},"product_brand":[],"product_cat":[21],"product_tag":[],"class_list":{"0":"post-632891","1":"product","2":"type-product","3":"status-publish","4":"has-post-thumbnail","6":"product_cat-arte-y-manipulacion","7":"pa_edad-3-a-4-anos","8":"pa_edad-4-a-5-anos","9":"pa_edad-5-a-6-anos","10":"pa_edad-6-a-8-anos","11":"pa_marca-galt","12":"pa_medidas-4569","13":"pa_medidas-7-x-21-cm","15":"first","16":"instock","17":"shipping-taxable","18":"purchasable","19":"product-type-simple"},"aioseo_notices":[],"_links":{"self":[{"href":"https:\/\/aukinkochile.com\/web\/wp-json\/wp\/v2\/product\/632891","targetHints":{"allow":["GET"]}}],"collection":[{"href":"https:\/\/aukinkochile.com\/web\/wp-json\/wp\/v2\/product"}],"about":[{"href":"https:\/\/aukinkochile.com\/web\/wp-json\/wp\/v2\/types\/product"}],"replies":[{"embeddable":true,"href":"https:\/\/aukinkochile.com\/web\/wp-json\/wp\/v2\/comments?post=632891"}],"wp:featuredmedia":[{"embeddable":true,"href":"https:\/\/aukinkochile.com\/web\/wp-json\/wp\/v2\/media\/625218"}],"wp:attachment":[{"href":"https:\/\/aukinkochile.com\/web\/wp-json\/wp\/v2\/media?parent=632891"}],"wp:term":[{"taxonomy":"product_brand","embeddable":true,"href":"https:\/\/aukinkochile.com\/web\/wp-json\/wp\/v2\/product_brand?post=632891"},{"taxonomy":"product_cat","embeddable":true,"href":"https:\/\/aukinkochile.com\/web\/wp-json\/wp\/v2\/product_cat?post=632891"},{"taxonomy":"product_tag","embeddable":true,"href":"https:\/\/aukinkochile.com\/web\/wp-json\/wp\/v2\/product_tag?post=632891"}],"curies":[{"name":"wp","href":"https:\/\/api.w.org\/{rel}","templated":true}]}}