{"id":632890,"date":"2025-11-06T18:23:50","date_gmt":"2025-11-06T18:23:50","guid":{"rendered":"https:\/\/aukinkochile.com\/web\/producto\/cuaderno-actividades-pintar-colores\/"},"modified":"2025-11-06T18:38:57","modified_gmt":"2025-11-06T18:38:57","slug":"cuaderno-actividades-pintar-colores","status":"publish","type":"product","link":"https:\/\/aukinkochile.com\/web\/producto\/cuaderno-actividades-pintar-colores\/","title":{"rendered":"Cuaderno Actividades Pintar Colores"},"content":{"rendered":"<p>40 entretenidos dibujos para que los peque\u00f1os se diviertan coloreando.<\/p>\n<p><p><strong>Material : <\/strong> Cart\u00f3n<\/p>\n<p><strong>C\u00f3digo Aukinko : <\/strong> 08-21003056<\/p>\n<p><strong>C\u00f3digo Convenio Marco : <\/strong> x<\/p>\n","protected":false},"excerpt":{"rendered":"<p>40 entretenidos dibujos para que los peque\u00f1os se diviertan coloreando. Material : Cart\u00f3n C\u00f3digo Aukinko : 08-21003056 C\u00f3digo Convenio Marco : x<\/p>\n","protected":false},"featured_media":625217,"comment_status":"open","ping_status":"closed","template":"","meta":{"_et_pb_use_builder":"","_et_pb_old_content":"","_et_gb_content_width":""},"product_brand":[],"product_cat":[21],"product_tag":[],"class_list":{"0":"post-632890","1":"product","2":"type-product","3":"status-publish","4":"has-post-thumbnail","6":"product_cat-arte-y-manipulacion","7":"pa_edad-3-a-4-anos","8":"pa_edad-4-a-5-anos","9":"pa_edad-5-a-6-anos","10":"pa_edad-6-a-8-anos","11":"pa_marca-galt","12":"pa_medidas-21-x-14","13":"pa_medidas-8-cm","15":"first","16":"instock","17":"shipping-taxable","18":"purchasable","19":"product-type-simple"},"aioseo_notices":[],"_links":{"self":[{"href":"https:\/\/aukinkochile.com\/web\/wp-json\/wp\/v2\/product\/632890","targetHints":{"allow":["GET"]}}],"collection":[{"href":"https:\/\/aukinkochile.com\/web\/wp-json\/wp\/v2\/product"}],"about":[{"href":"https:\/\/aukinkochile.com\/web\/wp-json\/wp\/v2\/types\/product"}],"replies":[{"embeddable":true,"href":"https:\/\/aukinkochile.com\/web\/wp-json\/wp\/v2\/comments?post=632890"}],"wp:featuredmedia":[{"embeddable":true,"href":"https:\/\/aukinkochile.com\/web\/wp-json\/wp\/v2\/media\/625217"}],"wp:attachment":[{"href":"https:\/\/aukinkochile.com\/web\/wp-json\/wp\/v2\/media?parent=632890"}],"wp:term":[{"taxonomy":"product_brand","embeddable":true,"href":"https:\/\/aukinkochile.com\/web\/wp-json\/wp\/v2\/product_brand?post=632890"},{"taxonomy":"product_cat","embeddable":true,"href":"https:\/\/aukinkochile.com\/web\/wp-json\/wp\/v2\/product_cat?post=632890"},{"taxonomy":"product_tag","embeddable":true,"href":"https:\/\/aukinkochile.com\/web\/wp-json\/wp\/v2\/product_tag?post=632890"}],"curies":[{"name":"wp","href":"https:\/\/api.w.org\/{rel}","templated":true}]}}