{"id":632889,"date":"2025-11-06T18:23:46","date_gmt":"2025-11-06T18:23:46","guid":{"rendered":"https:\/\/aukinkochile.com\/web\/producto\/cuaderno-actividades-seguir-los-puntos\/"},"modified":"2025-11-06T18:38:53","modified_gmt":"2025-11-06T18:38:53","slug":"cuaderno-actividades-seguir-los-puntos","status":"publish","type":"product","link":"https:\/\/aukinkochile.com\/web\/producto\/cuaderno-actividades-seguir-los-puntos\/","title":{"rendered":"Cuaderno Actividades Seguir Los Puntos"},"content":{"rendered":"<p>Block de entretenci\u00f3n de 48 paginas de actividades de unir puntos con n\u00fameros. Hay uniones de 20, 30 o 40 puntos. entretenido y ayuda a aprender los n\u00fameros.<\/p>\n<p><p><strong>Material : <\/strong> Cart\u00f3n y Papel<\/p>\n<p><strong>C\u00f3digo Aukinko : <\/strong> 08-21003048<\/p>\n<p><strong>C\u00f3digo Convenio Marco : <\/strong> x<\/p>\n","protected":false},"excerpt":{"rendered":"<p>Block de entretenci\u00f3n de 48 paginas de actividades de unir puntos con n\u00fameros. Hay uniones de 20, 30 o 40 puntos. entretenido y ayuda a aprender los n\u00fameros. Material : Cart\u00f3n y Papel C\u00f3digo Aukinko : 08-21003048 C\u00f3digo Convenio Marco : x<\/p>\n","protected":false},"featured_media":625216,"comment_status":"open","ping_status":"closed","template":"","meta":{"_et_pb_use_builder":"","_et_pb_old_content":"","_et_gb_content_width":""},"product_brand":[],"product_cat":[21],"product_tag":[],"class_list":{"0":"post-632889","1":"product","2":"type-product","3":"status-publish","4":"has-post-thumbnail","6":"product_cat-arte-y-manipulacion","7":"pa_edad-4-a-5-anos","8":"pa_edad-5-a-6-anos","9":"pa_edad-6-a-8-anos","10":"pa_marca-galt","11":"pa_medidas-21-x-15-x-0","12":"pa_medidas-5-cm","14":"first","15":"instock","16":"shipping-taxable","17":"purchasable","18":"product-type-simple"},"aioseo_notices":[],"_links":{"self":[{"href":"https:\/\/aukinkochile.com\/web\/wp-json\/wp\/v2\/product\/632889","targetHints":{"allow":["GET"]}}],"collection":[{"href":"https:\/\/aukinkochile.com\/web\/wp-json\/wp\/v2\/product"}],"about":[{"href":"https:\/\/aukinkochile.com\/web\/wp-json\/wp\/v2\/types\/product"}],"replies":[{"embeddable":true,"href":"https:\/\/aukinkochile.com\/web\/wp-json\/wp\/v2\/comments?post=632889"}],"wp:featuredmedia":[{"embeddable":true,"href":"https:\/\/aukinkochile.com\/web\/wp-json\/wp\/v2\/media\/625216"}],"wp:attachment":[{"href":"https:\/\/aukinkochile.com\/web\/wp-json\/wp\/v2\/media?parent=632889"}],"wp:term":[{"taxonomy":"product_brand","embeddable":true,"href":"https:\/\/aukinkochile.com\/web\/wp-json\/wp\/v2\/product_brand?post=632889"},{"taxonomy":"product_cat","embeddable":true,"href":"https:\/\/aukinkochile.com\/web\/wp-json\/wp\/v2\/product_cat?post=632889"},{"taxonomy":"product_tag","embeddable":true,"href":"https:\/\/aukinkochile.com\/web\/wp-json\/wp\/v2\/product_tag?post=632889"}],"curies":[{"name":"wp","href":"https:\/\/api.w.org\/{rel}","templated":true}]}}