{"id":632888,"date":"2025-11-06T18:23:41","date_gmt":"2025-11-06T18:23:41","guid":{"rendered":"https:\/\/aukinkochile.com\/web\/producto\/puzle-duo-mascotas\/"},"modified":"2025-11-06T18:38:47","modified_gmt":"2025-11-06T18:38:47","slug":"puzle-duo-mascotas","status":"publish","type":"product","link":"https:\/\/aukinkochile.com\/web\/producto\/puzle-duo-mascotas\/","title":{"rendered":"Puzle D\u00fao Mascotas"},"content":{"rendered":"<p>Set de 6 Puzles con divertidas formas de animales con 2 piezas cada uno. Puzles simples que estimulan las habilidades de combinaci\u00f3n y la motricidad fina a los m\u00e1s peque\u00f1os. ilustraciones coloridas, de gran calidad y dise\u00f1o. Recomendado a partir de los 18 meses.<\/p>\n<p><p><strong>Material : <\/strong> Cart\u00f3n Duro<\/p>\n<p><strong>C\u00f3digo Aukinko : <\/strong> 08-21003034<\/p>\n<p><strong>C\u00f3digo Convenio Marco : <\/strong> x<\/p>\n","protected":false},"excerpt":{"rendered":"<p>Set de 6 Puzles con divertidas formas de animales con 2 piezas cada uno. Puzles simples que estimulan las habilidades de combinaci\u00f3n y la motricidad fina a los m\u00e1s peque\u00f1os. ilustraciones coloridas, de gran calidad y dise\u00f1o. Recomendado a partir de los 18 meses. Material : Cart\u00f3n Duro C\u00f3digo Aukinko : 08-21003034 C\u00f3digo Convenio Marco [&hellip;]<\/p>\n","protected":false},"featured_media":625214,"comment_status":"open","ping_status":"closed","template":"","meta":{"_et_pb_use_builder":"","_et_pb_old_content":"","_et_gb_content_width":""},"product_brand":[],"product_cat":[91,20,22],"product_tag":[],"class_list":{"0":"post-632888","1":"product","2":"type-product","3":"status-publish","4":"has-post-thumbnail","6":"product_cat-accesorios-sala","7":"product_cat-motricidad-fina","8":"product_cat-puzzles","9":"pa_edad-1-a-2-anos","10":"pa_edad-2-a-3-anos","11":"pa_edad-3-a-4-anos","12":"pa_marca-galt","13":"pa_medidas-23-x-17-x-5-cm-caja","15":"first","16":"instock","17":"shipping-taxable","18":"purchasable","19":"product-type-simple"},"aioseo_notices":[],"_links":{"self":[{"href":"https:\/\/aukinkochile.com\/web\/wp-json\/wp\/v2\/product\/632888","targetHints":{"allow":["GET"]}}],"collection":[{"href":"https:\/\/aukinkochile.com\/web\/wp-json\/wp\/v2\/product"}],"about":[{"href":"https:\/\/aukinkochile.com\/web\/wp-json\/wp\/v2\/types\/product"}],"replies":[{"embeddable":true,"href":"https:\/\/aukinkochile.com\/web\/wp-json\/wp\/v2\/comments?post=632888"}],"wp:featuredmedia":[{"embeddable":true,"href":"https:\/\/aukinkochile.com\/web\/wp-json\/wp\/v2\/media\/625214"}],"wp:attachment":[{"href":"https:\/\/aukinkochile.com\/web\/wp-json\/wp\/v2\/media?parent=632888"}],"wp:term":[{"taxonomy":"product_brand","embeddable":true,"href":"https:\/\/aukinkochile.com\/web\/wp-json\/wp\/v2\/product_brand?post=632888"},{"taxonomy":"product_cat","embeddable":true,"href":"https:\/\/aukinkochile.com\/web\/wp-json\/wp\/v2\/product_cat?post=632888"},{"taxonomy":"product_tag","embeddable":true,"href":"https:\/\/aukinkochile.com\/web\/wp-json\/wp\/v2\/product_tag?post=632888"}],"curies":[{"name":"wp","href":"https:\/\/api.w.org\/{rel}","templated":true}]}}