{"id":632886,"date":"2025-11-06T18:23:33","date_gmt":"2025-11-06T18:23:33","guid":{"rendered":"https:\/\/aukinkochile.com\/web\/producto\/lapices-pumones-5-1-magico\/"},"modified":"2025-11-06T18:38:28","modified_gmt":"2025-11-06T18:38:28","slug":"lapices-pumones-5-1-magico","status":"publish","type":"product","link":"https:\/\/aukinkochile.com\/web\/producto\/lapices-pumones-5-1-magico\/","title":{"rendered":"L\u00e1pices Pumones 5 &#038; 1 M\u00e1gico"},"content":{"rendered":"<p>Dile SI a pintar con estos plumones de punta fina que cambian de color. Sin manchas! Pintura de secado instant\u00e1neo! El Plum\u00f3n m\u00e1gico de doble punta que cambia de color crea 2 colores adicionales de cada plum\u00f3n.<\/p>\n<p><p><strong>Material : <\/strong> Pl\u00e1stico<\/p>\n<p><strong>C\u00f3digo Aukinko : <\/strong> 08-21001760<\/p>\n<p><strong>C\u00f3digo Convenio Marco : <\/strong> x<\/p>\n","protected":false},"excerpt":{"rendered":"<p>Dile SI a pintar con estos plumones de punta fina que cambian de color. Sin manchas! Pintura de secado instant\u00e1neo! El Plum\u00f3n m\u00e1gico de doble punta que cambia de color crea 2 colores adicionales de cada plum\u00f3n. Material : Pl\u00e1stico C\u00f3digo Aukinko : 08-21001760 C\u00f3digo Convenio Marco : x<\/p>\n","protected":false},"featured_media":632885,"comment_status":"open","ping_status":"closed","template":"","meta":{"_et_pb_use_builder":"","_et_pb_old_content":"","_et_gb_content_width":""},"product_brand":[],"product_cat":[21],"product_tag":[],"class_list":{"0":"post-632886","1":"product","2":"type-product","3":"status-publish","4":"has-post-thumbnail","6":"product_cat-arte-y-manipulacion","7":"pa_edad-5-a-6-anos","8":"pa_edad-6-a-8-anos","9":"pa_edad-8-a-10-anos","10":"pa_marca-galt","11":"pa_medidas-4453","12":"pa_medidas-5-cm","13":"pa_medidas-5-x-16","14":"pa_medidas-8-x-2","16":"first","17":"instock","18":"shipping-taxable","19":"purchasable","20":"product-type-simple"},"aioseo_notices":[],"_links":{"self":[{"href":"https:\/\/aukinkochile.com\/web\/wp-json\/wp\/v2\/product\/632886","targetHints":{"allow":["GET"]}}],"collection":[{"href":"https:\/\/aukinkochile.com\/web\/wp-json\/wp\/v2\/product"}],"about":[{"href":"https:\/\/aukinkochile.com\/web\/wp-json\/wp\/v2\/types\/product"}],"replies":[{"embeddable":true,"href":"https:\/\/aukinkochile.com\/web\/wp-json\/wp\/v2\/comments?post=632886"}],"wp:featuredmedia":[{"embeddable":true,"href":"https:\/\/aukinkochile.com\/web\/wp-json\/wp\/v2\/media\/632885"}],"wp:attachment":[{"href":"https:\/\/aukinkochile.com\/web\/wp-json\/wp\/v2\/media?parent=632886"}],"wp:term":[{"taxonomy":"product_brand","embeddable":true,"href":"https:\/\/aukinkochile.com\/web\/wp-json\/wp\/v2\/product_brand?post=632886"},{"taxonomy":"product_cat","embeddable":true,"href":"https:\/\/aukinkochile.com\/web\/wp-json\/wp\/v2\/product_cat?post=632886"},{"taxonomy":"product_tag","embeddable":true,"href":"https:\/\/aukinkochile.com\/web\/wp-json\/wp\/v2\/product_tag?post=632886"}],"curies":[{"name":"wp","href":"https:\/\/api.w.org\/{rel}","templated":true}]}}