{"id":632884,"date":"2025-11-06T18:23:29","date_gmt":"2025-11-06T18:23:29","guid":{"rendered":"https:\/\/aukinkochile.com\/web\/producto\/lapices-pinceles-jumbo-5-pz\/"},"modified":"2025-11-06T18:38:16","modified_gmt":"2025-11-06T18:38:16","slug":"lapices-pinceles-jumbo-5-pz","status":"publish","type":"product","link":"https:\/\/aukinkochile.com\/web\/producto\/lapices-pinceles-jumbo-5-pz\/","title":{"rendered":"L\u00e1pices Pinceles Jumbo 5 Pz"},"content":{"rendered":"<p>5 cl\u00e1sicos colores de l\u00e1pices gigantes que contiene la pintura en el cepillo. No mas frascos sucios, simplemente col\u00f3quelo sobre el papel, apri\u00e9telo ligeramente y cepille con movimientos suaves y f\u00e1ciles. Recargables.<\/p>\n<p><p><strong>Material : <\/strong> Pl\u00e1stico<\/p>\n<p><strong>C\u00f3digo Aukinko : <\/strong> 08-21001513<\/p>\n<p><strong>C\u00f3digo Convenio Marco : <\/strong> x<\/p>\n","protected":false},"excerpt":{"rendered":"<p>5 cl\u00e1sicos colores de l\u00e1pices gigantes que contiene la pintura en el cepillo. No mas frascos sucios, simplemente col\u00f3quelo sobre el papel, apri\u00e9telo ligeramente y cepille con movimientos suaves y f\u00e1ciles. Recargables. Material : Pl\u00e1stico C\u00f3digo Aukinko : 08-21001513 C\u00f3digo Convenio Marco : x<\/p>\n","protected":false},"featured_media":625186,"comment_status":"open","ping_status":"closed","template":"","meta":{"_et_pb_use_builder":"","_et_pb_old_content":"","_et_gb_content_width":""},"product_brand":[],"product_cat":[21],"product_tag":[],"class_list":{"0":"post-632884","1":"product","2":"type-product","3":"status-publish","4":"has-post-thumbnail","6":"product_cat-arte-y-manipulacion","7":"pa_edad-3-a-4-anos","8":"pa_edad-4-a-5-anos","9":"pa_edad-5-a-6-anos","10":"pa_marca-galt","11":"pa_medidas-4453","12":"pa_medidas-5-cm","13":"pa_medidas-5-x-16","14":"pa_medidas-8-x-2","16":"first","17":"instock","18":"shipping-taxable","19":"purchasable","20":"product-type-simple"},"aioseo_notices":[],"_links":{"self":[{"href":"https:\/\/aukinkochile.com\/web\/wp-json\/wp\/v2\/product\/632884","targetHints":{"allow":["GET"]}}],"collection":[{"href":"https:\/\/aukinkochile.com\/web\/wp-json\/wp\/v2\/product"}],"about":[{"href":"https:\/\/aukinkochile.com\/web\/wp-json\/wp\/v2\/types\/product"}],"replies":[{"embeddable":true,"href":"https:\/\/aukinkochile.com\/web\/wp-json\/wp\/v2\/comments?post=632884"}],"wp:featuredmedia":[{"embeddable":true,"href":"https:\/\/aukinkochile.com\/web\/wp-json\/wp\/v2\/media\/625186"}],"wp:attachment":[{"href":"https:\/\/aukinkochile.com\/web\/wp-json\/wp\/v2\/media?parent=632884"}],"wp:term":[{"taxonomy":"product_brand","embeddable":true,"href":"https:\/\/aukinkochile.com\/web\/wp-json\/wp\/v2\/product_brand?post=632884"},{"taxonomy":"product_cat","embeddable":true,"href":"https:\/\/aukinkochile.com\/web\/wp-json\/wp\/v2\/product_cat?post=632884"},{"taxonomy":"product_tag","embeddable":true,"href":"https:\/\/aukinkochile.com\/web\/wp-json\/wp\/v2\/product_tag?post=632884"}],"curies":[{"name":"wp","href":"https:\/\/api.w.org\/{rel}","templated":true}]}}