{"id":632878,"date":"2025-11-06T18:23:08","date_gmt":"2025-11-06T18:23:08","guid":{"rendered":"https:\/\/aukinkochile.com\/web\/producto\/puzle-magico-50-pz-dinosaurios\/"},"modified":"2025-11-06T18:37:42","modified_gmt":"2025-11-06T18:37:42","slug":"puzle-magico-50-pz-dinosaurios","status":"publish","type":"product","link":"https:\/\/aukinkochile.com\/web\/producto\/puzle-magico-50-pz-dinosaurios\/","title":{"rendered":"Puzle M\u00e1gico 50 pz Dinosaurios"},"content":{"rendered":"<p>Un colorido y m\u00e1gico puzle de 50 piezas perfecto para ni\u00f1os y ni\u00f1as de 4 a 8 a\u00f1os, dise\u00f1ado para fomentar el desarrollo de habilidades de combinaci\u00f3n, clasificaci\u00f3n y resoluci\u00f3n de problemas. Dise\u00f1ado con ilustraciones adorables de personajes prehist\u00f3ricos muy coloridos. Incluye 15 parches m\u00e1gicos, simplemente se deben frotar la tinta sensible al calor con su dedo y observar c\u00f3mo los encantadores personajes de dinosaurios aparecen y luego desaparecen m\u00e1gicamente. Fabricado con materiales que provienen de fuentes responsables ecol\u00f3gicamente. Apto para ni\u00f1os de 4 a 8 a\u00f1os.<\/p>\n<p><p><strong>Material : <\/strong> Cart\u00f3n Grueso<\/p>\n<p><strong>C\u00f3digo Aukinko : <\/strong> 08-20400299<\/p>\n<p><strong>C\u00f3digo Convenio Marco : <\/strong> x<\/p>\n","protected":false},"excerpt":{"rendered":"<p>Un colorido y m\u00e1gico puzle de 50 piezas perfecto para ni\u00f1os y ni\u00f1as de 4 a 8 a\u00f1os, dise\u00f1ado para fomentar el desarrollo de habilidades de combinaci\u00f3n, clasificaci\u00f3n y resoluci\u00f3n de problemas. Dise\u00f1ado con ilustraciones adorables de personajes prehist\u00f3ricos muy coloridos. Incluye 15 parches m\u00e1gicos, simplemente se deben frotar la tinta sensible al calor con [&hellip;]<\/p>\n","protected":false},"featured_media":632877,"comment_status":"open","ping_status":"closed","template":"","meta":{"_et_pb_use_builder":"","_et_pb_old_content":"","_et_gb_content_width":""},"product_brand":[],"product_cat":[22],"product_tag":[],"class_list":{"0":"post-632878","1":"product","2":"type-product","3":"status-publish","4":"has-post-thumbnail","6":"product_cat-puzzles","7":"pa_edad-10-anos","8":"pa_edad-8-a-10-anos","9":"pa_marca-galt","10":"pa_medidas-55-x-40-x-5-cm","12":"first","13":"instock","14":"shipping-taxable","15":"purchasable","16":"product-type-simple"},"aioseo_notices":[],"_links":{"self":[{"href":"https:\/\/aukinkochile.com\/web\/wp-json\/wp\/v2\/product\/632878","targetHints":{"allow":["GET"]}}],"collection":[{"href":"https:\/\/aukinkochile.com\/web\/wp-json\/wp\/v2\/product"}],"about":[{"href":"https:\/\/aukinkochile.com\/web\/wp-json\/wp\/v2\/types\/product"}],"replies":[{"embeddable":true,"href":"https:\/\/aukinkochile.com\/web\/wp-json\/wp\/v2\/comments?post=632878"}],"wp:featuredmedia":[{"embeddable":true,"href":"https:\/\/aukinkochile.com\/web\/wp-json\/wp\/v2\/media\/632877"}],"wp:attachment":[{"href":"https:\/\/aukinkochile.com\/web\/wp-json\/wp\/v2\/media?parent=632878"}],"wp:term":[{"taxonomy":"product_brand","embeddable":true,"href":"https:\/\/aukinkochile.com\/web\/wp-json\/wp\/v2\/product_brand?post=632878"},{"taxonomy":"product_cat","embeddable":true,"href":"https:\/\/aukinkochile.com\/web\/wp-json\/wp\/v2\/product_cat?post=632878"},{"taxonomy":"product_tag","embeddable":true,"href":"https:\/\/aukinkochile.com\/web\/wp-json\/wp\/v2\/product_tag?post=632878"}],"curies":[{"name":"wp","href":"https:\/\/api.w.org\/{rel}","templated":true}]}}