{"id":632876,"date":"2025-11-06T18:23:03","date_gmt":"2025-11-06T18:23:03","guid":{"rendered":"https:\/\/aukinkochile.com\/web\/producto\/hacer-mascotas-de-pompones\/"},"modified":"2025-11-06T18:37:42","modified_gmt":"2025-11-06T18:37:42","slug":"hacer-mascotas-de-pompones","status":"publish","type":"product","link":"https:\/\/aukinkochile.com\/web\/producto\/hacer-mascotas-de-pompones\/","title":{"rendered":"Hacer Mascotas de Pompones"},"content":{"rendered":"<p>Divertido set de manualidades para pasar horas de diversi\u00f3n. Los ni\u00f1os y ni\u00f1as podr\u00e1n crear dos adorables y esponjosas mascotas con pompones con este divertido kit de manualidades que combina tejido y costura para una actividad interactiva y pr\u00e1ctica. Este set incluye todo lo necesario para crear con facilidad; con lana amarilla, negra y blanca, herramienta para pompones, limpiapipas negros, ojos saltones, cinta adhesiva y fieltro. Dise\u00f1ado para ni\u00f1os de 5 a\u00f1os en adelante, este kit f\u00e1cil de usar estimula la creatividad, fomenta el aprendizaje pr\u00e1ctico y directo, y brinda horas de entretenimiento atractivo.<\/p>\n<p><p><strong>Material : <\/strong> Cart\u00f3n Grueso y Genero <\/p>\n<p><strong>C\u00f3digo Aukinko : <\/strong> 08-20400298<\/p>\n<p><strong>C\u00f3digo Convenio Marco : <\/strong> x<\/p>\n","protected":false},"excerpt":{"rendered":"<p>Divertido set de manualidades para pasar horas de diversi\u00f3n. Los ni\u00f1os y ni\u00f1as podr\u00e1n crear dos adorables y esponjosas mascotas con pompones con este divertido kit de manualidades que combina tejido y costura para una actividad interactiva y pr\u00e1ctica. Este set incluye todo lo necesario para crear con facilidad; con lana amarilla, negra y blanca, [&hellip;]<\/p>\n","protected":false},"featured_media":632875,"comment_status":"open","ping_status":"closed","template":"","meta":{"_et_pb_use_builder":"","_et_pb_old_content":"","_et_gb_content_width":""},"product_brand":[],"product_cat":[21,20],"product_tag":[],"class_list":{"0":"post-632876","1":"product","2":"type-product","3":"status-publish","4":"has-post-thumbnail","6":"product_cat-arte-y-manipulacion","7":"product_cat-motricidad-fina","8":"pa_edad-5-a-6-anos","9":"pa_edad-6-a-8-anos","10":"pa_edad-8-a-10-anos","11":"pa_marca-galt","12":"pa_medidas-4501","13":"pa_medidas-4-cm","14":"pa_medidas-5-x-26","15":"pa_medidas-5-x-3","17":"first","18":"instock","19":"shipping-taxable","20":"purchasable","21":"product-type-simple"},"aioseo_notices":[],"_links":{"self":[{"href":"https:\/\/aukinkochile.com\/web\/wp-json\/wp\/v2\/product\/632876","targetHints":{"allow":["GET"]}}],"collection":[{"href":"https:\/\/aukinkochile.com\/web\/wp-json\/wp\/v2\/product"}],"about":[{"href":"https:\/\/aukinkochile.com\/web\/wp-json\/wp\/v2\/types\/product"}],"replies":[{"embeddable":true,"href":"https:\/\/aukinkochile.com\/web\/wp-json\/wp\/v2\/comments?post=632876"}],"wp:featuredmedia":[{"embeddable":true,"href":"https:\/\/aukinkochile.com\/web\/wp-json\/wp\/v2\/media\/632875"}],"wp:attachment":[{"href":"https:\/\/aukinkochile.com\/web\/wp-json\/wp\/v2\/media?parent=632876"}],"wp:term":[{"taxonomy":"product_brand","embeddable":true,"href":"https:\/\/aukinkochile.com\/web\/wp-json\/wp\/v2\/product_brand?post=632876"},{"taxonomy":"product_cat","embeddable":true,"href":"https:\/\/aukinkochile.com\/web\/wp-json\/wp\/v2\/product_cat?post=632876"},{"taxonomy":"product_tag","embeddable":true,"href":"https:\/\/aukinkochile.com\/web\/wp-json\/wp\/v2\/product_tag?post=632876"}],"curies":[{"name":"wp","href":"https:\/\/api.w.org\/{rel}","templated":true}]}}