{"id":632868,"date":"2025-11-06T18:22:46","date_gmt":"2025-11-06T18:22:46","guid":{"rendered":"https:\/\/aukinkochile.com\/web\/producto\/juego-water-magic-jungla\/"},"modified":"2025-11-06T18:37:42","modified_gmt":"2025-11-06T18:37:42","slug":"juego-water-magic-jungla","status":"publish","type":"product","link":"https:\/\/aukinkochile.com\/web\/producto\/juego-water-magic-jungla\/","title":{"rendered":"Juego Water Magic Jungla"},"content":{"rendered":"<p>Divertido juego de manualidades para pasar horas de diversi\u00f3n con los divertidos personajes de la jungla. Los ni\u00f1os y ni\u00f1as dar\u00e1n vida a las escenas solo con agua; observa c\u00f3mo aparecen m\u00e1gicamente colores vibrantes y adorables animales de la jungla usando el bol\u00edgrafo de agua especial. Incluye 2 personajes blandos para estimular la sensibilidad t\u00e1ctil, 3 tableros de dibujo reutilizables, 1 bol\u00edgrafo de agua f\u00e1cil de llenar y una caja de almacenamiento magn\u00e9tica para llevar a todas partes. Los ni\u00f1os y ni\u00f1as pueden inventar sus propias historias de la jungla mientras desarrollan habilidades motoras finas, el reconocimiento de colores y la creatividad. Dise\u00f1ado para ni\u00f1os de 3 a\u00f1os en adelante, este juego de actividades ecol\u00f3gico ofrece horas de diversi\u00f3n reutilizable sin necesidad de pinturas o crayones: simplemente rellene el bol\u00edgrafo de agua y coloree nuevamente.<\/p>\n<p><p><strong>Material : <\/strong> Cart\u00f3n Grueso<\/p>\n<p><strong>C\u00f3digo Aukinko : <\/strong> 08-20100425<\/p>\n<p><strong>C\u00f3digo Convenio Marco : <\/strong> x<\/p>\n","protected":false},"excerpt":{"rendered":"<p>Divertido juego de manualidades para pasar horas de diversi\u00f3n con los divertidos personajes de la jungla. Los ni\u00f1os y ni\u00f1as dar\u00e1n vida a las escenas solo con agua; observa c\u00f3mo aparecen m\u00e1gicamente colores vibrantes y adorables animales de la jungla usando el bol\u00edgrafo de agua especial. Incluye 2 personajes blandos para estimular la sensibilidad t\u00e1ctil, [&hellip;]<\/p>\n","protected":false},"featured_media":632867,"comment_status":"open","ping_status":"closed","template":"","meta":{"_et_pb_use_builder":"","_et_pb_old_content":"","_et_gb_content_width":""},"product_brand":[],"product_cat":[21],"product_tag":[],"class_list":{"0":"post-632868","1":"product","2":"type-product","3":"status-publish","4":"has-post-thumbnail","6":"product_cat-arte-y-manipulacion","7":"pa_edad-3-a-4-anos","8":"pa_edad-4-a-5-anos","9":"pa_edad-5-a-6-anos","10":"pa_marca-galt","11":"pa_medidas-4394","12":"pa_medidas-5-x-4","13":"pa_medidas-6-x-20-cm","15":"first","16":"instock","17":"shipping-taxable","18":"purchasable","19":"product-type-simple"},"aioseo_notices":[],"_links":{"self":[{"href":"https:\/\/aukinkochile.com\/web\/wp-json\/wp\/v2\/product\/632868","targetHints":{"allow":["GET"]}}],"collection":[{"href":"https:\/\/aukinkochile.com\/web\/wp-json\/wp\/v2\/product"}],"about":[{"href":"https:\/\/aukinkochile.com\/web\/wp-json\/wp\/v2\/types\/product"}],"replies":[{"embeddable":true,"href":"https:\/\/aukinkochile.com\/web\/wp-json\/wp\/v2\/comments?post=632868"}],"wp:featuredmedia":[{"embeddable":true,"href":"https:\/\/aukinkochile.com\/web\/wp-json\/wp\/v2\/media\/632867"}],"wp:attachment":[{"href":"https:\/\/aukinkochile.com\/web\/wp-json\/wp\/v2\/media?parent=632868"}],"wp:term":[{"taxonomy":"product_brand","embeddable":true,"href":"https:\/\/aukinkochile.com\/web\/wp-json\/wp\/v2\/product_brand?post=632868"},{"taxonomy":"product_cat","embeddable":true,"href":"https:\/\/aukinkochile.com\/web\/wp-json\/wp\/v2\/product_cat?post=632868"},{"taxonomy":"product_tag","embeddable":true,"href":"https:\/\/aukinkochile.com\/web\/wp-json\/wp\/v2\/product_tag?post=632868"}],"curies":[{"name":"wp","href":"https:\/\/api.w.org\/{rel}","templated":true}]}}