{"id":632839,"date":"2025-10-22T14:51:08","date_gmt":"2025-10-22T14:51:08","guid":{"rendered":"https:\/\/aukinkochile.com\/web\/producto\/esqueleto-humano-46-cm\/"},"modified":"2026-03-27T16:57:03","modified_gmt":"2026-03-27T16:57:03","slug":"esqueleto-humano-46-cm","status":"publish","type":"product","link":"https:\/\/aukinkochile.com\/web\/producto\/esqueleto-humano-46-cm\/","title":{"rendered":"Esqueleto Humano 46 cm"},"content":{"rendered":"<p>Esqueleto humano modelo de la vida real. 22 piezas resistentes y duraderas. Dise\u00f1o \u00fanico con soporte resistente. Manual completamente ilustrado.<\/p>\n<p><p><strong>Material : <\/strong> Pl\u00e1stico<\/p>\n<p><strong>C\u00f3digo Aukinko : <\/strong> 12-10038<\/p>\n<p><strong>C\u00f3digo Convenio Marco : <\/strong> x<\/p>\n","protected":false},"excerpt":{"rendered":"<p>Esqueleto humano modelo de la vida real. 22 piezas resistentes y duraderas. Dise\u00f1o \u00fanico con soporte resistente. Manual completamente ilustrado. Material : Pl\u00e1stico C\u00f3digo Aukinko : 12-10038 C\u00f3digo Convenio Marco : x<\/p>\n","protected":false},"featured_media":626988,"comment_status":"open","ping_status":"closed","template":"","meta":{"_et_pb_use_builder":"","_et_pb_old_content":"","_et_gb_content_width":""},"product_brand":[],"product_cat":[91,92],"product_tag":[],"class_list":{"0":"post-632839","1":"product","2":"type-product","3":"status-publish","4":"has-post-thumbnail","6":"product_cat-accesorios-sala","7":"product_cat-ciencias","8":"pa_edad-10-anos","9":"pa_edad-8-a-10-anos","10":"pa_marca-edu-science","11":"pa_medidas-19-x-7-x-40","12":"pa_medidas-6-cm","14":"first","15":"instock","16":"shipping-taxable","17":"purchasable","18":"product-type-simple"},"aioseo_notices":[],"_links":{"self":[{"href":"https:\/\/aukinkochile.com\/web\/wp-json\/wp\/v2\/product\/632839","targetHints":{"allow":["GET"]}}],"collection":[{"href":"https:\/\/aukinkochile.com\/web\/wp-json\/wp\/v2\/product"}],"about":[{"href":"https:\/\/aukinkochile.com\/web\/wp-json\/wp\/v2\/types\/product"}],"replies":[{"embeddable":true,"href":"https:\/\/aukinkochile.com\/web\/wp-json\/wp\/v2\/comments?post=632839"}],"wp:featuredmedia":[{"embeddable":true,"href":"https:\/\/aukinkochile.com\/web\/wp-json\/wp\/v2\/media\/626988"}],"wp:attachment":[{"href":"https:\/\/aukinkochile.com\/web\/wp-json\/wp\/v2\/media?parent=632839"}],"wp:term":[{"taxonomy":"product_brand","embeddable":true,"href":"https:\/\/aukinkochile.com\/web\/wp-json\/wp\/v2\/product_brand?post=632839"},{"taxonomy":"product_cat","embeddable":true,"href":"https:\/\/aukinkochile.com\/web\/wp-json\/wp\/v2\/product_cat?post=632839"},{"taxonomy":"product_tag","embeddable":true,"href":"https:\/\/aukinkochile.com\/web\/wp-json\/wp\/v2\/product_tag?post=632839"}],"curies":[{"name":"wp","href":"https:\/\/api.w.org\/{rel}","templated":true}]}}