{"id":632836,"date":"2025-10-22T14:51:00","date_gmt":"2025-10-22T14:51:00","guid":{"rendered":"https:\/\/aukinkochile.com\/web\/producto\/discos-madera-apilables-set-12-pz\/"},"modified":"2025-10-22T14:54:12","modified_gmt":"2025-10-22T14:54:12","slug":"discos-madera-apilables-set-12-pz","status":"publish","type":"product","link":"https:\/\/aukinkochile.com\/web\/producto\/discos-madera-apilables-set-12-pz\/","title":{"rendered":"Discos Madera Apilables set 12 pz"},"content":{"rendered":"<p>Set compuesto por 12 discos, hechos en madera de pino, te\u00f1ido en anilina at\u00f3xica de colores variados e impregnado con cera de abeja. Las 12 piezas vienen envueltas en una bolsa de genero con mallas que facilita su traslado<\/p>\n<p><p><strong>Material : <\/strong> Madera y Pl\u00e1stico<\/p>\n<p><strong>C\u00f3digo Aukinko : <\/strong> 16-1041<\/p>\n<p><strong>C\u00f3digo Convenio Marco : <\/strong> x<\/p>\n","protected":false},"excerpt":{"rendered":"<p>Set compuesto por 12 discos, hechos en madera de pino, te\u00f1ido en anilina at\u00f3xica de colores variados e impregnado con cera de abeja. Las 12 piezas vienen envueltas en una bolsa de genero con mallas que facilita su traslado Material : Madera y Pl\u00e1stico C\u00f3digo Aukinko : 16-1041 C\u00f3digo Convenio Marco : x<\/p>\n","protected":false},"featured_media":632835,"comment_status":"open","ping_status":"closed","template":"","meta":{"_et_pb_use_builder":"","_et_pb_old_content":"","_et_gb_content_width":""},"product_brand":[],"product_cat":[91,20],"product_tag":[],"class_list":{"0":"post-632836","1":"product","2":"type-product","3":"status-publish","4":"has-post-thumbnail","6":"product_cat-accesorios-sala","7":"product_cat-motricidad-fina","8":"pa_edad-2-a-3-anos","9":"pa_edad-3-a-4-anos","10":"pa_edad-4-a-5-anos","11":"pa_marca-aukinko","12":"pa_medidas-4469","13":"pa_medidas-5-cm-alto-3-cm-c-u","14":"pa_medidas-5cm-y-3","15":"pa_medidas-diametro-aproximado-de-los-discos-8cm","17":"first","18":"instock","19":"shipping-taxable","20":"purchasable","21":"product-type-simple"},"aioseo_notices":[],"_links":{"self":[{"href":"https:\/\/aukinkochile.com\/web\/wp-json\/wp\/v2\/product\/632836","targetHints":{"allow":["GET"]}}],"collection":[{"href":"https:\/\/aukinkochile.com\/web\/wp-json\/wp\/v2\/product"}],"about":[{"href":"https:\/\/aukinkochile.com\/web\/wp-json\/wp\/v2\/types\/product"}],"replies":[{"embeddable":true,"href":"https:\/\/aukinkochile.com\/web\/wp-json\/wp\/v2\/comments?post=632836"}],"wp:featuredmedia":[{"embeddable":true,"href":"https:\/\/aukinkochile.com\/web\/wp-json\/wp\/v2\/media\/632835"}],"wp:attachment":[{"href":"https:\/\/aukinkochile.com\/web\/wp-json\/wp\/v2\/media?parent=632836"}],"wp:term":[{"taxonomy":"product_brand","embeddable":true,"href":"https:\/\/aukinkochile.com\/web\/wp-json\/wp\/v2\/product_brand?post=632836"},{"taxonomy":"product_cat","embeddable":true,"href":"https:\/\/aukinkochile.com\/web\/wp-json\/wp\/v2\/product_cat?post=632836"},{"taxonomy":"product_tag","embeddable":true,"href":"https:\/\/aukinkochile.com\/web\/wp-json\/wp\/v2\/product_tag?post=632836"}],"curies":[{"name":"wp","href":"https:\/\/api.w.org\/{rel}","templated":true}]}}