{"id":632834,"date":"2025-10-22T14:50:54","date_gmt":"2025-10-22T14:50:54","guid":{"rendered":"https:\/\/aukinkochile.com\/web\/producto\/vehiculos-construccion-c-u\/"},"modified":"2025-10-22T14:54:11","modified_gmt":"2025-10-22T14:54:11","slug":"vehiculos-construccion-c-u","status":"publish","type":"product","link":"https:\/\/aukinkochile.com\/web\/producto\/vehiculos-construccion-c-u\/","title":{"rendered":"Veh\u00edculos Construcci\u00f3n c\/u"},"content":{"rendered":"<p>Construye y juega con los Veh\u00edculos de Construcci\u00f3n Rodantes. Estos robustos veh\u00edculos rodantes son perfectos para los peque\u00f1os entusiastas de la construcci\u00f3n, con piezas m\u00f3viles y dise\u00f1os duraderos que resisten horas de juego imaginativo. Modelos surtidos. Precio por unidad.<\/p>\n<p><p><strong>Material : <\/strong> Pl\u00e1stico<\/p>\n<p><strong>C\u00f3digo Aukinko : <\/strong> 11-26846<\/p>\n<p><strong>C\u00f3digo Convenio Marco : <\/strong> x<\/p>\n","protected":false},"excerpt":{"rendered":"<p>Construye y juega con los Veh\u00edculos de Construcci\u00f3n Rodantes. Estos robustos veh\u00edculos rodantes son perfectos para los peque\u00f1os entusiastas de la construcci\u00f3n, con piezas m\u00f3viles y dise\u00f1os duraderos que resisten horas de juego imaginativo. Modelos surtidos. Precio por unidad. Material : Pl\u00e1stico C\u00f3digo Aukinko : 11-26846 C\u00f3digo Convenio Marco : x<\/p>\n","protected":false},"featured_media":632833,"comment_status":"open","ping_status":"closed","template":"","meta":{"_et_pb_use_builder":"","_et_pb_old_content":"","_et_gb_content_width":""},"product_brand":[],"product_cat":[17],"product_tag":[],"class_list":{"0":"post-632834","1":"product","2":"type-product","3":"status-publish","4":"has-post-thumbnail","6":"product_cat-juegos-de-rol","7":"pa_edad-3-a-4-anos","8":"pa_edad-4-a-5-anos","9":"pa_edad-5-a-6-anos","10":"pa_edad-6-a-8-anos","11":"pa_edad-8-a-10-anos","12":"pa_marca-toysmith","13":"pa_medidas-3-cm","14":"pa_medidas-4521","15":"pa_medidas-5-x-10","16":"pa_medidas-5-x-6","18":"first","19":"instock","20":"shipping-taxable","21":"purchasable","22":"product-type-simple"},"aioseo_notices":[],"_links":{"self":[{"href":"https:\/\/aukinkochile.com\/web\/wp-json\/wp\/v2\/product\/632834","targetHints":{"allow":["GET"]}}],"collection":[{"href":"https:\/\/aukinkochile.com\/web\/wp-json\/wp\/v2\/product"}],"about":[{"href":"https:\/\/aukinkochile.com\/web\/wp-json\/wp\/v2\/types\/product"}],"replies":[{"embeddable":true,"href":"https:\/\/aukinkochile.com\/web\/wp-json\/wp\/v2\/comments?post=632834"}],"wp:featuredmedia":[{"embeddable":true,"href":"https:\/\/aukinkochile.com\/web\/wp-json\/wp\/v2\/media\/632833"}],"wp:attachment":[{"href":"https:\/\/aukinkochile.com\/web\/wp-json\/wp\/v2\/media?parent=632834"}],"wp:term":[{"taxonomy":"product_brand","embeddable":true,"href":"https:\/\/aukinkochile.com\/web\/wp-json\/wp\/v2\/product_brand?post=632834"},{"taxonomy":"product_cat","embeddable":true,"href":"https:\/\/aukinkochile.com\/web\/wp-json\/wp\/v2\/product_cat?post=632834"},{"taxonomy":"product_tag","embeddable":true,"href":"https:\/\/aukinkochile.com\/web\/wp-json\/wp\/v2\/product_tag?post=632834"}],"curies":[{"name":"wp","href":"https:\/\/api.w.org\/{rel}","templated":true}]}}