{"id":632832,"date":"2025-10-22T14:50:50","date_gmt":"2025-10-22T14:50:50","guid":{"rendered":"https:\/\/aukinkochile.com\/web\/producto\/auto-ruedas-gigantes-c-u\/"},"modified":"2025-10-22T14:54:11","modified_gmt":"2025-10-22T14:54:11","slug":"auto-ruedas-gigantes-c-u","status":"publish","type":"product","link":"https:\/\/aukinkochile.com\/web\/producto\/auto-ruedas-gigantes-c-u\/","title":{"rendered":"Auto Ruedas Gigantes c\/u"},"content":{"rendered":"<p>Divertido auto de ruedas gigantes para pasar horas de diversi\u00f3n. Incluye suspensi\u00f3n 4&#215;4, sistema de retroceso, ruedas de goma con gran adherencia y rodabilidad e impresionantes detalles de terminaci\u00f3n. De material muy resistente y excelente empaque. Modelos surtidos. Precio por unidad.<\/p>\n<p><p><strong>Material : <\/strong> Pl\u00e1stico y Metal<\/p>\n<p><strong>C\u00f3digo Aukinko : <\/strong> 11-25062<\/p>\n<p><strong>C\u00f3digo Convenio Marco : <\/strong> x<\/p>\n","protected":false},"excerpt":{"rendered":"<p>Divertido auto de ruedas gigantes para pasar horas de diversi\u00f3n. Incluye suspensi\u00f3n 4&#215;4, sistema de retroceso, ruedas de goma con gran adherencia y rodabilidad e impresionantes detalles de terminaci\u00f3n. De material muy resistente y excelente empaque. Modelos surtidos. Precio por unidad. Material : Pl\u00e1stico y Metal C\u00f3digo Aukinko : 11-25062 C\u00f3digo Convenio Marco : x<\/p>\n","protected":false},"featured_media":632831,"comment_status":"open","ping_status":"closed","template":"","meta":{"_et_pb_use_builder":"","_et_pb_old_content":"","_et_gb_content_width":""},"product_brand":[],"product_cat":[17],"product_tag":[],"class_list":{"0":"post-632832","1":"product","2":"type-product","3":"status-publish","4":"has-post-thumbnail","6":"product_cat-juegos-de-rol","7":"pa_edad-3-a-4-anos","8":"pa_edad-4-a-5-anos","9":"pa_edad-5-a-6-anos","10":"pa_edad-6-a-8-anos","11":"pa_edad-8-a-10-anos","12":"pa_marca-toysmith","13":"pa_medidas-12-x-12-x-8-cm","15":"first","16":"instock","17":"shipping-taxable","18":"purchasable","19":"product-type-simple"},"aioseo_notices":[],"_links":{"self":[{"href":"https:\/\/aukinkochile.com\/web\/wp-json\/wp\/v2\/product\/632832","targetHints":{"allow":["GET"]}}],"collection":[{"href":"https:\/\/aukinkochile.com\/web\/wp-json\/wp\/v2\/product"}],"about":[{"href":"https:\/\/aukinkochile.com\/web\/wp-json\/wp\/v2\/types\/product"}],"replies":[{"embeddable":true,"href":"https:\/\/aukinkochile.com\/web\/wp-json\/wp\/v2\/comments?post=632832"}],"wp:featuredmedia":[{"embeddable":true,"href":"https:\/\/aukinkochile.com\/web\/wp-json\/wp\/v2\/media\/632831"}],"wp:attachment":[{"href":"https:\/\/aukinkochile.com\/web\/wp-json\/wp\/v2\/media?parent=632832"}],"wp:term":[{"taxonomy":"product_brand","embeddable":true,"href":"https:\/\/aukinkochile.com\/web\/wp-json\/wp\/v2\/product_brand?post=632832"},{"taxonomy":"product_cat","embeddable":true,"href":"https:\/\/aukinkochile.com\/web\/wp-json\/wp\/v2\/product_cat?post=632832"},{"taxonomy":"product_tag","embeddable":true,"href":"https:\/\/aukinkochile.com\/web\/wp-json\/wp\/v2\/product_tag?post=632832"}],"curies":[{"name":"wp","href":"https:\/\/api.w.org\/{rel}","templated":true}]}}