{"id":632826,"date":"2025-10-22T14:50:40","date_gmt":"2025-10-22T14:50:40","guid":{"rendered":"https:\/\/aukinkochile.com\/web\/producto\/girador-de-rieles-lite-up\/"},"modified":"2025-10-22T14:54:11","modified_gmt":"2025-10-22T14:54:11","slug":"girador-de-rieles-lite-up","status":"publish","type":"product","link":"https:\/\/aukinkochile.com\/web\/producto\/girador-de-rieles-lite-up\/","title":{"rendered":"Girador de Rieles Lite Up"},"content":{"rendered":"<p>Este vibrante y atractivo juguete est\u00e1 dise\u00f1ado para cautivar a los ni\u00f1os con sus fascinantes efectos de luz y su din\u00e1mica acci\u00f3n giratoria. Perfecto para divertirse al aire libre o en interiores. Con su colorido dise\u00f1o y su f\u00e1cil manejo, fomenta el juego imaginativo y ayuda a desarrollar las habilidades motoras.<\/p>\n<p><p><strong>Material : <\/strong> Pl\u00e1stico y Metal<\/p>\n<p><strong>C\u00f3digo Aukinko : <\/strong> 11-23388<\/p>\n<p><strong>C\u00f3digo Convenio Marco : <\/strong> x<\/p>\n","protected":false},"excerpt":{"rendered":"<p>Este vibrante y atractivo juguete est\u00e1 dise\u00f1ado para cautivar a los ni\u00f1os con sus fascinantes efectos de luz y su din\u00e1mica acci\u00f3n giratoria. Perfecto para divertirse al aire libre o en interiores. Con su colorido dise\u00f1o y su f\u00e1cil manejo, fomenta el juego imaginativo y ayuda a desarrollar las habilidades motoras. Material : Pl\u00e1stico y [&hellip;]<\/p>\n","protected":false},"featured_media":632825,"comment_status":"open","ping_status":"closed","template":"","meta":{"_et_pb_use_builder":"","_et_pb_old_content":"","_et_gb_content_width":""},"product_brand":[],"product_cat":[1005,18],"product_tag":[],"class_list":{"0":"post-632826","1":"product","2":"type-product","3":"status-publish","4":"has-post-thumbnail","6":"product_cat-accesorios-patio","7":"product_cat-motricidad-gruesa","8":"pa_edad-10-anos","9":"pa_edad-3-a-4-anos","10":"pa_edad-4-a-5-anos","11":"pa_edad-5-a-6-anos","12":"pa_edad-6-a-8-anos","13":"pa_edad-8-a-10-anos","14":"pa_marca-toysmith","15":"pa_medidas-08-cm","16":"pa_medidas-4362","17":"pa_medidas-4-x-7","18":"pa_medidas-62-x-5","20":"first","21":"instock","22":"shipping-taxable","23":"purchasable","24":"product-type-simple"},"aioseo_notices":[],"_links":{"self":[{"href":"https:\/\/aukinkochile.com\/web\/wp-json\/wp\/v2\/product\/632826","targetHints":{"allow":["GET"]}}],"collection":[{"href":"https:\/\/aukinkochile.com\/web\/wp-json\/wp\/v2\/product"}],"about":[{"href":"https:\/\/aukinkochile.com\/web\/wp-json\/wp\/v2\/types\/product"}],"replies":[{"embeddable":true,"href":"https:\/\/aukinkochile.com\/web\/wp-json\/wp\/v2\/comments?post=632826"}],"wp:featuredmedia":[{"embeddable":true,"href":"https:\/\/aukinkochile.com\/web\/wp-json\/wp\/v2\/media\/632825"}],"wp:attachment":[{"href":"https:\/\/aukinkochile.com\/web\/wp-json\/wp\/v2\/media?parent=632826"}],"wp:term":[{"taxonomy":"product_brand","embeddable":true,"href":"https:\/\/aukinkochile.com\/web\/wp-json\/wp\/v2\/product_brand?post=632826"},{"taxonomy":"product_cat","embeddable":true,"href":"https:\/\/aukinkochile.com\/web\/wp-json\/wp\/v2\/product_cat?post=632826"},{"taxonomy":"product_tag","embeddable":true,"href":"https:\/\/aukinkochile.com\/web\/wp-json\/wp\/v2\/product_tag?post=632826"}],"curies":[{"name":"wp","href":"https:\/\/api.w.org\/{rel}","templated":true}]}}