{"id":632824,"date":"2025-10-22T14:50:37","date_gmt":"2025-10-22T14:50:37","guid":{"rendered":"https:\/\/aukinkochile.com\/web\/producto\/pelota-rebote-gigante\/"},"modified":"2025-10-22T14:54:11","modified_gmt":"2025-10-22T14:54:11","slug":"pelota-rebote-gigante","status":"publish","type":"product","link":"https:\/\/aukinkochile.com\/web\/producto\/pelota-rebote-gigante\/","title":{"rendered":"Pelota Rebote Gigante"},"content":{"rendered":"<p>Divertida pelota de rebote Toysmith para pasar horas de diversi\u00f3n. Los ni\u00f1os y ni\u00f1as no tienen que correr detr\u00e1s de la pelota ya que vuelve con cada patada, sujeta por un cord\u00f3n el\u00e1stico y una mu\u00f1equera ajustable. Mide 38 cm de di\u00e1metro cuando est\u00e1 inflada. La correa de velcro se adapta a la mayor\u00eda de las mu\u00f1ecas. Bomba incluida. Recomendado para ni\u00f1os de 5 a\u00f1os en adelante.<\/p>\n<p><p><strong>Material : <\/strong> Pl\u00e1stico<\/p>\n<p><strong>C\u00f3digo Aukinko : <\/strong> 11-22081<\/p>\n<p><strong>C\u00f3digo Convenio Marco : <\/strong> x<\/p>\n","protected":false},"excerpt":{"rendered":"<p>Divertida pelota de rebote Toysmith para pasar horas de diversi\u00f3n. Los ni\u00f1os y ni\u00f1as no tienen que correr detr\u00e1s de la pelota ya que vuelve con cada patada, sujeta por un cord\u00f3n el\u00e1stico y una mu\u00f1equera ajustable. Mide 38 cm de di\u00e1metro cuando est\u00e1 inflada. La correa de velcro se adapta a la mayor\u00eda de [&hellip;]<\/p>\n","protected":false},"featured_media":632823,"comment_status":"open","ping_status":"closed","template":"","meta":{"_et_pb_use_builder":"","_et_pb_old_content":"","_et_gb_content_width":""},"product_brand":[],"product_cat":[18],"product_tag":[],"class_list":{"0":"post-632824","1":"product","2":"type-product","3":"status-publish","4":"has-post-thumbnail","6":"product_cat-motricidad-gruesa","7":"pa_edad-10-anos","8":"pa_edad-5-a-6-anos","9":"pa_edad-6-a-8-anos","10":"pa_edad-8-a-10-anos","11":"pa_marca-toysmith","12":"pa_medidas-38-cm","14":"first","15":"instock","16":"shipping-taxable","17":"purchasable","18":"product-type-simple"},"aioseo_notices":[],"_links":{"self":[{"href":"https:\/\/aukinkochile.com\/web\/wp-json\/wp\/v2\/product\/632824","targetHints":{"allow":["GET"]}}],"collection":[{"href":"https:\/\/aukinkochile.com\/web\/wp-json\/wp\/v2\/product"}],"about":[{"href":"https:\/\/aukinkochile.com\/web\/wp-json\/wp\/v2\/types\/product"}],"replies":[{"embeddable":true,"href":"https:\/\/aukinkochile.com\/web\/wp-json\/wp\/v2\/comments?post=632824"}],"wp:featuredmedia":[{"embeddable":true,"href":"https:\/\/aukinkochile.com\/web\/wp-json\/wp\/v2\/media\/632823"}],"wp:attachment":[{"href":"https:\/\/aukinkochile.com\/web\/wp-json\/wp\/v2\/media?parent=632824"}],"wp:term":[{"taxonomy":"product_brand","embeddable":true,"href":"https:\/\/aukinkochile.com\/web\/wp-json\/wp\/v2\/product_brand?post=632824"},{"taxonomy":"product_cat","embeddable":true,"href":"https:\/\/aukinkochile.com\/web\/wp-json\/wp\/v2\/product_cat?post=632824"},{"taxonomy":"product_tag","embeddable":true,"href":"https:\/\/aukinkochile.com\/web\/wp-json\/wp\/v2\/product_tag?post=632824"}],"curies":[{"name":"wp","href":"https:\/\/api.w.org\/{rel}","templated":true}]}}