{"id":632820,"date":"2025-10-22T14:50:25","date_gmt":"2025-10-22T14:50:25","guid":{"rendered":"https:\/\/aukinkochile.com\/web\/producto\/crear-con-pin-art-3d\/"},"modified":"2025-10-22T14:54:08","modified_gmt":"2025-10-22T14:54:08","slug":"crear-con-pin-art-3d","status":"publish","type":"product","link":"https:\/\/aukinkochile.com\/web\/producto\/crear-con-pin-art-3d\/","title":{"rendered":"Crear con Pin Art 3D"},"content":{"rendered":"<p>Divertido juego para crear arte en 3D. Fabricado con materiales seguros y de alta calidad. Un juego para convertirse en artista y escultor con el cl\u00e1sico arte con alfileres 3D. Coloca la mano, la cara o un objeto peque\u00f1o sobre los alfileres y se formar\u00e1 una impresi\u00f3n instant\u00e1nea en el otro lado. Luego, sac\u00fadelo y vuelve a empezar. Crea un relieve 3D con este marco de pl\u00e1stico de 9,5 x 13 cm y alfileres met\u00e1licos. Recomendado a partir de 8 a\u00f1os.<\/p>\n<p><p><strong>Material : <\/strong> Pl\u00e1stico y Metal<\/p>\n<p><strong>C\u00f3digo Aukinko : <\/strong> 11-21092<\/p>\n<p><strong>C\u00f3digo Convenio Marco : <\/strong> x<\/p>\n","protected":false},"excerpt":{"rendered":"<p>Divertido juego para crear arte en 3D. Fabricado con materiales seguros y de alta calidad. Un juego para convertirse en artista y escultor con el cl\u00e1sico arte con alfileres 3D. Coloca la mano, la cara o un objeto peque\u00f1o sobre los alfileres y se formar\u00e1 una impresi\u00f3n instant\u00e1nea en el otro lado. Luego, sac\u00fadelo y [&hellip;]<\/p>\n","protected":false},"featured_media":632819,"comment_status":"open","ping_status":"closed","template":"","meta":{"_et_pb_use_builder":"","_et_pb_old_content":"","_et_gb_content_width":""},"product_brand":[],"product_cat":[21],"product_tag":[],"class_list":{"0":"post-632820","1":"product","2":"type-product","3":"status-publish","4":"has-post-thumbnail","6":"product_cat-arte-y-manipulacion","7":"pa_edad-10-anos","8":"pa_edad-6-a-8-anos","9":"pa_edad-8-a-10-anos","10":"pa_marca-toysmith","11":"pa_medidas-5-x-12","12":"pa_medidas-7-cm","13":"pa_medidas-4795","15":"first","16":"instock","17":"shipping-taxable","18":"purchasable","19":"product-type-simple"},"aioseo_notices":[],"_links":{"self":[{"href":"https:\/\/aukinkochile.com\/web\/wp-json\/wp\/v2\/product\/632820","targetHints":{"allow":["GET"]}}],"collection":[{"href":"https:\/\/aukinkochile.com\/web\/wp-json\/wp\/v2\/product"}],"about":[{"href":"https:\/\/aukinkochile.com\/web\/wp-json\/wp\/v2\/types\/product"}],"replies":[{"embeddable":true,"href":"https:\/\/aukinkochile.com\/web\/wp-json\/wp\/v2\/comments?post=632820"}],"wp:featuredmedia":[{"embeddable":true,"href":"https:\/\/aukinkochile.com\/web\/wp-json\/wp\/v2\/media\/632819"}],"wp:attachment":[{"href":"https:\/\/aukinkochile.com\/web\/wp-json\/wp\/v2\/media?parent=632820"}],"wp:term":[{"taxonomy":"product_brand","embeddable":true,"href":"https:\/\/aukinkochile.com\/web\/wp-json\/wp\/v2\/product_brand?post=632820"},{"taxonomy":"product_cat","embeddable":true,"href":"https:\/\/aukinkochile.com\/web\/wp-json\/wp\/v2\/product_cat?post=632820"},{"taxonomy":"product_tag","embeddable":true,"href":"https:\/\/aukinkochile.com\/web\/wp-json\/wp\/v2\/product_tag?post=632820"}],"curies":[{"name":"wp","href":"https:\/\/api.w.org\/{rel}","templated":true}]}}