{"id":632818,"date":"2025-10-22T14:50:22","date_gmt":"2025-10-22T14:50:22","guid":{"rendered":"https:\/\/aukinkochile.com\/web\/producto\/encaje-torre-cubika-flexible\/"},"modified":"2025-10-22T14:54:07","modified_gmt":"2025-10-22T14:54:07","slug":"encaje-torre-cubika-flexible","status":"publish","type":"product","link":"https:\/\/aukinkochile.com\/web\/producto\/encaje-torre-cubika-flexible\/","title":{"rendered":"Encaje Torre Cubika Flexible"},"content":{"rendered":"<p>Divertido y original juego de construcci\u00f3n de madera para pasar horas de diversi\u00f3n dejando volar la imaginaci\u00f3n. Un juego que ense\u00f1a a ni\u00f1as y ni\u00f1os que todos los objetos tienen su propia forma y tama\u00f1o, solo deben unir las formas para crear una torre. El set contiene ocho formas. Fabricado con madera 100 % org\u00e1nica procedente de bosques gestionados de forma sostenible. Producido con pinturas org\u00e1nicas alemanas a base de agua y pulido a la perfecci\u00f3n.<\/p>\n<p><p><strong>Material : <\/strong> Madera FSC<\/p>\n<p><strong>C\u00f3digo Aukinko : <\/strong> 11-20315<\/p>\n<p><strong>C\u00f3digo Convenio Marco : <\/strong> x<\/p>\n","protected":false},"excerpt":{"rendered":"<p>Divertido y original juego de construcci\u00f3n de madera para pasar horas de diversi\u00f3n dejando volar la imaginaci\u00f3n. Un juego que ense\u00f1a a ni\u00f1as y ni\u00f1os que todos los objetos tienen su propia forma y tama\u00f1o, solo deben unir las formas para crear una torre. El set contiene ocho formas. Fabricado con madera 100 % org\u00e1nica [&hellip;]<\/p>\n","protected":false},"featured_media":632817,"comment_status":"open","ping_status":"closed","template":"","meta":{"_et_pb_use_builder":"","_et_pb_old_content":"","_et_gb_content_width":""},"product_brand":[],"product_cat":[19,20],"product_tag":[],"class_list":{"0":"post-632818","1":"product","2":"type-product","3":"status-publish","4":"has-post-thumbnail","6":"product_cat-construccion","7":"product_cat-motricidad-fina","8":"pa_edad-5-a-6-anos","9":"pa_edad-6-a-8-anos","10":"pa_marca-toysmith","11":"pa_medidas-11-x-11-x-18-cm","13":"first","14":"instock","15":"shipping-taxable","16":"purchasable","17":"product-type-simple"},"aioseo_notices":[],"_links":{"self":[{"href":"https:\/\/aukinkochile.com\/web\/wp-json\/wp\/v2\/product\/632818","targetHints":{"allow":["GET"]}}],"collection":[{"href":"https:\/\/aukinkochile.com\/web\/wp-json\/wp\/v2\/product"}],"about":[{"href":"https:\/\/aukinkochile.com\/web\/wp-json\/wp\/v2\/types\/product"}],"replies":[{"embeddable":true,"href":"https:\/\/aukinkochile.com\/web\/wp-json\/wp\/v2\/comments?post=632818"}],"wp:featuredmedia":[{"embeddable":true,"href":"https:\/\/aukinkochile.com\/web\/wp-json\/wp\/v2\/media\/632817"}],"wp:attachment":[{"href":"https:\/\/aukinkochile.com\/web\/wp-json\/wp\/v2\/media?parent=632818"}],"wp:term":[{"taxonomy":"product_brand","embeddable":true,"href":"https:\/\/aukinkochile.com\/web\/wp-json\/wp\/v2\/product_brand?post=632818"},{"taxonomy":"product_cat","embeddable":true,"href":"https:\/\/aukinkochile.com\/web\/wp-json\/wp\/v2\/product_cat?post=632818"},{"taxonomy":"product_tag","embeddable":true,"href":"https:\/\/aukinkochile.com\/web\/wp-json\/wp\/v2\/product_tag?post=632818"}],"curies":[{"name":"wp","href":"https:\/\/api.w.org\/{rel}","templated":true}]}}