{"id":632813,"date":"2025-10-22T14:50:13","date_gmt":"2025-10-22T14:50:13","guid":{"rendered":"https:\/\/aukinkochile.com\/web\/producto\/juego-elastico-para-manos\/"},"modified":"2025-10-22T14:54:06","modified_gmt":"2025-10-22T14:54:06","slug":"juego-elastico-para-manos","status":"publish","type":"product","link":"https:\/\/aukinkochile.com\/web\/producto\/juego-elastico-para-manos\/","title":{"rendered":"Juego El\u00e1stico para Manos"},"content":{"rendered":"<p>El famoso juego de el\u00e1stico para las manos, para jugar en solitario o en pareja. Con manual de instrucciones.<\/p>\n<p><p><strong>Material : <\/strong> El\u00e1stico<\/p>\n<p><strong>C\u00f3digo Aukinko : <\/strong> 11-29461<\/p>\n<p><strong>C\u00f3digo Convenio Marco : <\/strong> x<\/p>\n","protected":false},"excerpt":{"rendered":"<p>El famoso juego de el\u00e1stico para las manos, para jugar en solitario o en pareja. Con manual de instrucciones. Material : El\u00e1stico C\u00f3digo Aukinko : 11-29461 C\u00f3digo Convenio Marco : x<\/p>\n","protected":false},"featured_media":632812,"comment_status":"open","ping_status":"closed","template":"","meta":{"_et_pb_use_builder":"","_et_pb_old_content":"","_et_gb_content_width":""},"product_brand":[],"product_cat":[1005,18],"product_tag":[],"class_list":{"0":"post-632813","1":"product","2":"type-product","3":"status-publish","4":"has-post-thumbnail","6":"product_cat-accesorios-patio","7":"product_cat-motricidad-gruesa","8":"pa_edad-10-anos","9":"pa_edad-5-a-6-anos","10":"pa_edad-6-a-8-anos","11":"pa_edad-8-a-10-anos","12":"pa_marca-toysmith","13":"pa_medidas-15-x-12-x-1-cm","15":"first","16":"instock","17":"shipping-taxable","18":"purchasable","19":"product-type-simple"},"aioseo_notices":[],"_links":{"self":[{"href":"https:\/\/aukinkochile.com\/web\/wp-json\/wp\/v2\/product\/632813","targetHints":{"allow":["GET"]}}],"collection":[{"href":"https:\/\/aukinkochile.com\/web\/wp-json\/wp\/v2\/product"}],"about":[{"href":"https:\/\/aukinkochile.com\/web\/wp-json\/wp\/v2\/types\/product"}],"replies":[{"embeddable":true,"href":"https:\/\/aukinkochile.com\/web\/wp-json\/wp\/v2\/comments?post=632813"}],"wp:featuredmedia":[{"embeddable":true,"href":"https:\/\/aukinkochile.com\/web\/wp-json\/wp\/v2\/media\/632812"}],"wp:attachment":[{"href":"https:\/\/aukinkochile.com\/web\/wp-json\/wp\/v2\/media?parent=632813"}],"wp:term":[{"taxonomy":"product_brand","embeddable":true,"href":"https:\/\/aukinkochile.com\/web\/wp-json\/wp\/v2\/product_brand?post=632813"},{"taxonomy":"product_cat","embeddable":true,"href":"https:\/\/aukinkochile.com\/web\/wp-json\/wp\/v2\/product_cat?post=632813"},{"taxonomy":"product_tag","embeddable":true,"href":"https:\/\/aukinkochile.com\/web\/wp-json\/wp\/v2\/product_tag?post=632813"}],"curies":[{"name":"wp","href":"https:\/\/api.w.org\/{rel}","templated":true}]}}