{"id":632810,"date":"2025-10-22T14:50:06","date_gmt":"2025-10-22T14:50:06","guid":{"rendered":"https:\/\/aukinkochile.com\/web\/producto\/avion-jet-turbo\/"},"modified":"2025-10-22T14:54:06","modified_gmt":"2025-10-22T14:54:06","slug":"avion-jet-turbo","status":"publish","type":"product","link":"https:\/\/aukinkochile.com\/web\/producto\/avion-jet-turbo\/","title":{"rendered":"Avi\u00f3n Jet Turbo"},"content":{"rendered":"<p>Avi\u00f3n jet turbo de metal con partes pl\u00e1sticas. Con tracci\u00f3n. Replica modelo real. De excelente calidad y dise\u00f1o. 4 colores (celeste, azul, blanco y amarillo). Precio por unidad.<\/p>\n<p><p><strong>Material : <\/strong> Pl\u00e1stico y Metal<\/p>\n<p><strong>C\u00f3digo Aukinko : <\/strong> 11-28111<\/p>\n<p><strong>C\u00f3digo Convenio Marco : <\/strong> x<\/p>\n","protected":false},"excerpt":{"rendered":"<p>Avi\u00f3n jet turbo de metal con partes pl\u00e1sticas. Con tracci\u00f3n. Replica modelo real. De excelente calidad y dise\u00f1o. 4 colores (celeste, azul, blanco y amarillo). Precio por unidad. Material : Pl\u00e1stico y Metal C\u00f3digo Aukinko : 11-28111 C\u00f3digo Convenio Marco : x<\/p>\n","protected":false},"featured_media":632809,"comment_status":"open","ping_status":"closed","template":"","meta":{"_et_pb_use_builder":"","_et_pb_old_content":"","_et_gb_content_width":""},"product_brand":[],"product_cat":[17],"product_tag":[],"class_list":{"0":"post-632810","1":"product","2":"type-product","3":"status-publish","4":"has-post-thumbnail","6":"product_cat-juegos-de-rol","7":"pa_edad-3-a-4-anos","8":"pa_edad-4-a-5-anos","9":"pa_edad-5-a-6-anos","10":"pa_edad-6-a-8-anos","11":"pa_edad-8-a-10-anos","12":"pa_marca-toysmith","13":"pa_medidas-4317","14":"pa_medidas-8-cm","16":"first","17":"instock","18":"shipping-taxable","19":"purchasable","20":"product-type-simple"},"aioseo_notices":[],"_links":{"self":[{"href":"https:\/\/aukinkochile.com\/web\/wp-json\/wp\/v2\/product\/632810","targetHints":{"allow":["GET"]}}],"collection":[{"href":"https:\/\/aukinkochile.com\/web\/wp-json\/wp\/v2\/product"}],"about":[{"href":"https:\/\/aukinkochile.com\/web\/wp-json\/wp\/v2\/types\/product"}],"replies":[{"embeddable":true,"href":"https:\/\/aukinkochile.com\/web\/wp-json\/wp\/v2\/comments?post=632810"}],"wp:featuredmedia":[{"embeddable":true,"href":"https:\/\/aukinkochile.com\/web\/wp-json\/wp\/v2\/media\/632809"}],"wp:attachment":[{"href":"https:\/\/aukinkochile.com\/web\/wp-json\/wp\/v2\/media?parent=632810"}],"wp:term":[{"taxonomy":"product_brand","embeddable":true,"href":"https:\/\/aukinkochile.com\/web\/wp-json\/wp\/v2\/product_brand?post=632810"},{"taxonomy":"product_cat","embeddable":true,"href":"https:\/\/aukinkochile.com\/web\/wp-json\/wp\/v2\/product_cat?post=632810"},{"taxonomy":"product_tag","embeddable":true,"href":"https:\/\/aukinkochile.com\/web\/wp-json\/wp\/v2\/product_tag?post=632810"}],"curies":[{"name":"wp","href":"https:\/\/api.w.org\/{rel}","templated":true}]}}