{"id":632804,"date":"2025-10-22T14:49:56","date_gmt":"2025-10-22T14:49:56","guid":{"rendered":"https:\/\/aukinkochile.com\/web\/producto\/lapices-tatuaje-sirena-6-pz\/"},"modified":"2025-10-22T14:54:06","modified_gmt":"2025-10-22T14:54:06","slug":"lapices-tatuaje-sirena-6-pz","status":"publish","type":"product","link":"https:\/\/aukinkochile.com\/web\/producto\/lapices-tatuaje-sirena-6-pz\/","title":{"rendered":"L\u00e1pices Tatuaje Sirena 6 pz"},"content":{"rendered":"<p>Divertido set de l\u00e1pices para crear hermosos tatuajes brillantes. F\u00e1cil de lavar y retirar.<\/p>\n<p><p><strong>Material : <\/strong> Pl\u00e1stico<\/p>\n<p><strong>C\u00f3digo Aukinko : <\/strong> 11-27774<\/p>\n<p><strong>C\u00f3digo Convenio Marco : <\/strong> x<\/p>\n","protected":false},"excerpt":{"rendered":"<p>Divertido set de l\u00e1pices para crear hermosos tatuajes brillantes. F\u00e1cil de lavar y retirar. Material : Pl\u00e1stico C\u00f3digo Aukinko : 11-27774 C\u00f3digo Convenio Marco : x<\/p>\n","protected":false},"featured_media":632803,"comment_status":"open","ping_status":"closed","template":"","meta":{"_et_pb_use_builder":"","_et_pb_old_content":"","_et_gb_content_width":""},"product_brand":[],"product_cat":[21,17],"product_tag":[],"class_list":{"0":"post-632804","1":"product","2":"type-product","3":"status-publish","4":"has-post-thumbnail","6":"product_cat-arte-y-manipulacion","7":"product_cat-juegos-de-rol","8":"pa_edad-4-a-5-anos","9":"pa_edad-5-a-6-anos","10":"pa_edad-6-a-8-anos","11":"pa_marca-toysmith","12":"pa_medidas-25-x-17-x-3-cm","14":"first","15":"instock","16":"shipping-taxable","17":"purchasable","18":"product-type-simple"},"aioseo_notices":[],"_links":{"self":[{"href":"https:\/\/aukinkochile.com\/web\/wp-json\/wp\/v2\/product\/632804","targetHints":{"allow":["GET"]}}],"collection":[{"href":"https:\/\/aukinkochile.com\/web\/wp-json\/wp\/v2\/product"}],"about":[{"href":"https:\/\/aukinkochile.com\/web\/wp-json\/wp\/v2\/types\/product"}],"replies":[{"embeddable":true,"href":"https:\/\/aukinkochile.com\/web\/wp-json\/wp\/v2\/comments?post=632804"}],"wp:featuredmedia":[{"embeddable":true,"href":"https:\/\/aukinkochile.com\/web\/wp-json\/wp\/v2\/media\/632803"}],"wp:attachment":[{"href":"https:\/\/aukinkochile.com\/web\/wp-json\/wp\/v2\/media?parent=632804"}],"wp:term":[{"taxonomy":"product_brand","embeddable":true,"href":"https:\/\/aukinkochile.com\/web\/wp-json\/wp\/v2\/product_brand?post=632804"},{"taxonomy":"product_cat","embeddable":true,"href":"https:\/\/aukinkochile.com\/web\/wp-json\/wp\/v2\/product_cat?post=632804"},{"taxonomy":"product_tag","embeddable":true,"href":"https:\/\/aukinkochile.com\/web\/wp-json\/wp\/v2\/product_tag?post=632804"}],"curies":[{"name":"wp","href":"https:\/\/api.w.org\/{rel}","templated":true}]}}