{"id":632796,"date":"2025-10-22T14:49:43","date_gmt":"2025-10-22T14:49:43","guid":{"rendered":"https:\/\/aukinkochile.com\/web\/producto\/tren-metal-4-pz-c-u\/"},"modified":"2025-10-22T15:01:04","modified_gmt":"2025-10-22T15:01:04","slug":"tren-metal-4-pz-c-u","status":"publish","type":"product","link":"https:\/\/aukinkochile.com\/web\/producto\/tren-metal-4-pz-c-u\/","title":{"rendered":"Tren Metal 4 pz c\/u"},"content":{"rendered":"<p>Divertido set de trenes de metal para jugar y coleccionar. Dise\u00f1ados con grandes detalles en material resistente y duradero. Estos trenes conectables har\u00e1n un largo y divertido tren para horas de juego. Cada set incluye 1 motor y 3 coches conectables. Precio por set.<\/p>\n<p><strong>Material : <\/strong> Pl\u00e1stico y Metal<\/p>\n<p><strong>C\u00f3digo Aukinko : <\/strong> 11-27041<\/p>\n<p><strong>C\u00f3digo Convenio Marco : <\/strong> x<\/p>\n","protected":false},"excerpt":{"rendered":"<p>Divertido set de trenes de metal para jugar y coleccionar. Dise\u00f1ados con grandes detalles en material resistente y duradero. Estos trenes conectables har\u00e1n un largo y divertido tren para horas de juego. Cada set incluye 1 motor y 3 coches conectables. Precio por set. Material : Pl\u00e1stico y Metal C\u00f3digo Aukinko : 11-27041 C\u00f3digo Convenio [&hellip;]<\/p>\n","protected":false},"featured_media":632843,"comment_status":"open","ping_status":"closed","template":"","meta":{"_et_pb_use_builder":"","_et_pb_old_content":"","_et_gb_content_width":""},"product_brand":[],"product_cat":[17,20],"product_tag":[],"class_list":{"0":"post-632796","1":"product","2":"type-product","3":"status-publish","4":"has-post-thumbnail","6":"product_cat-juegos-de-rol","7":"product_cat-motricidad-fina","8":"pa_edad-3-a-4-anos","9":"pa_edad-4-a-5-anos","10":"pa_edad-5-a-6-anos","11":"pa_marca-toysmith","12":"pa_medidas-5-x-6-cm","14":"first","15":"instock","16":"shipping-taxable","17":"purchasable","18":"product-type-simple"},"aioseo_notices":[],"_links":{"self":[{"href":"https:\/\/aukinkochile.com\/web\/wp-json\/wp\/v2\/product\/632796","targetHints":{"allow":["GET"]}}],"collection":[{"href":"https:\/\/aukinkochile.com\/web\/wp-json\/wp\/v2\/product"}],"about":[{"href":"https:\/\/aukinkochile.com\/web\/wp-json\/wp\/v2\/types\/product"}],"replies":[{"embeddable":true,"href":"https:\/\/aukinkochile.com\/web\/wp-json\/wp\/v2\/comments?post=632796"}],"wp:featuredmedia":[{"embeddable":true,"href":"https:\/\/aukinkochile.com\/web\/wp-json\/wp\/v2\/media\/632843"}],"wp:attachment":[{"href":"https:\/\/aukinkochile.com\/web\/wp-json\/wp\/v2\/media?parent=632796"}],"wp:term":[{"taxonomy":"product_brand","embeddable":true,"href":"https:\/\/aukinkochile.com\/web\/wp-json\/wp\/v2\/product_brand?post=632796"},{"taxonomy":"product_cat","embeddable":true,"href":"https:\/\/aukinkochile.com\/web\/wp-json\/wp\/v2\/product_cat?post=632796"},{"taxonomy":"product_tag","embeddable":true,"href":"https:\/\/aukinkochile.com\/web\/wp-json\/wp\/v2\/product_tag?post=632796"}],"curies":[{"name":"wp","href":"https:\/\/api.w.org\/{rel}","templated":true}]}}