{"id":632795,"date":"2025-10-22T14:49:41","date_gmt":"2025-10-22T14:49:41","guid":{"rendered":"https:\/\/aukinkochile.com\/web\/producto\/periscopio-c-u\/"},"modified":"2025-10-22T14:54:05","modified_gmt":"2025-10-22T14:54:05","slug":"periscopio-c-u","status":"publish","type":"product","link":"https:\/\/aukinkochile.com\/web\/producto\/periscopio-c-u\/","title":{"rendered":"Periscopio c\/u"},"content":{"rendered":"<p>Divertido periscopio para los m\u00e1s peque\u00f1os, un juego para aprender y estimular la curiosidad en la infancia. Colores surtidos. Precio por unidad.<\/p>\n<p><p><strong>Material : <\/strong> Pl\u00e1stico<\/p>\n<p><strong>C\u00f3digo Aukinko : <\/strong> 11-26914<\/p>\n<p><strong>C\u00f3digo Convenio Marco : <\/strong> x<\/p>\n","protected":false},"excerpt":{"rendered":"<p>Divertido periscopio para los m\u00e1s peque\u00f1os, un juego para aprender y estimular la curiosidad en la infancia. Colores surtidos. Precio por unidad. Material : Pl\u00e1stico C\u00f3digo Aukinko : 11-26914 C\u00f3digo Convenio Marco : x<\/p>\n","protected":false},"featured_media":623251,"comment_status":"open","ping_status":"closed","template":"","meta":{"_et_pb_use_builder":"","_et_pb_old_content":"","_et_gb_content_width":""},"product_brand":[],"product_cat":[92],"product_tag":[],"class_list":{"0":"post-632795","1":"product","2":"type-product","3":"status-publish","4":"has-post-thumbnail","6":"product_cat-ciencias","7":"pa_edad-3-a-4-anos","8":"pa_edad-4-a-5-anos","9":"pa_marca-toysmith","10":"pa_medidas-4-x-4-x-35-cm","12":"first","13":"instock","14":"shipping-taxable","15":"purchasable","16":"product-type-simple"},"aioseo_notices":[],"_links":{"self":[{"href":"https:\/\/aukinkochile.com\/web\/wp-json\/wp\/v2\/product\/632795","targetHints":{"allow":["GET"]}}],"collection":[{"href":"https:\/\/aukinkochile.com\/web\/wp-json\/wp\/v2\/product"}],"about":[{"href":"https:\/\/aukinkochile.com\/web\/wp-json\/wp\/v2\/types\/product"}],"replies":[{"embeddable":true,"href":"https:\/\/aukinkochile.com\/web\/wp-json\/wp\/v2\/comments?post=632795"}],"wp:featuredmedia":[{"embeddable":true,"href":"https:\/\/aukinkochile.com\/web\/wp-json\/wp\/v2\/media\/623251"}],"wp:attachment":[{"href":"https:\/\/aukinkochile.com\/web\/wp-json\/wp\/v2\/media?parent=632795"}],"wp:term":[{"taxonomy":"product_brand","embeddable":true,"href":"https:\/\/aukinkochile.com\/web\/wp-json\/wp\/v2\/product_brand?post=632795"},{"taxonomy":"product_cat","embeddable":true,"href":"https:\/\/aukinkochile.com\/web\/wp-json\/wp\/v2\/product_cat?post=632795"},{"taxonomy":"product_tag","embeddable":true,"href":"https:\/\/aukinkochile.com\/web\/wp-json\/wp\/v2\/product_tag?post=632795"}],"curies":[{"name":"wp","href":"https:\/\/api.w.org\/{rel}","templated":true}]}}