{"id":632768,"date":"2025-10-22T14:48:37","date_gmt":"2025-10-22T14:48:37","guid":{"rendered":"https:\/\/aukinkochile.com\/web\/producto\/jet-blue-angel\/"},"modified":"2025-10-22T14:53:56","modified_gmt":"2025-10-22T14:53:56","slug":"jet-blue-angel","status":"publish","type":"product","link":"https:\/\/aukinkochile.com\/web\/producto\/jet-blue-angel\/","title":{"rendered":"Jet Blue \u00c1ngel"},"content":{"rendered":"<p>Hermoso avi\u00f3n para horas de diversi\u00f3n, dos colores diferentes. De material resistente. Precio por unidad.<\/p>\n<p><p><strong>Material : <\/strong> Pl\u00e1stico y Metal<\/p>\n<p><strong>C\u00f3digo Aukinko : <\/strong> 11-24861<\/p>\n<p><strong>C\u00f3digo Convenio Marco : <\/strong> x<\/p>\n","protected":false},"excerpt":{"rendered":"<p>Hermoso avi\u00f3n para horas de diversi\u00f3n, dos colores diferentes. De material resistente. Precio por unidad. Material : Pl\u00e1stico y Metal C\u00f3digo Aukinko : 11-24861 C\u00f3digo Convenio Marco : x<\/p>\n","protected":false},"featured_media":632767,"comment_status":"open","ping_status":"closed","template":"","meta":{"_et_pb_use_builder":"","_et_pb_old_content":"","_et_gb_content_width":""},"product_brand":[],"product_cat":[17],"product_tag":[],"class_list":{"0":"post-632768","1":"product","2":"type-product","3":"status-publish","4":"has-post-thumbnail","6":"product_cat-juegos-de-rol","7":"pa_edad-3-a-4-anos","8":"pa_edad-4-a-5-anos","9":"pa_edad-5-a-6-anos","10":"pa_edad-6-a-8-anos","11":"pa_marca-toysmith","12":"pa_medidas-30-x-10-cm","14":"first","15":"instock","16":"shipping-taxable","17":"purchasable","18":"product-type-simple"},"aioseo_notices":[],"_links":{"self":[{"href":"https:\/\/aukinkochile.com\/web\/wp-json\/wp\/v2\/product\/632768","targetHints":{"allow":["GET"]}}],"collection":[{"href":"https:\/\/aukinkochile.com\/web\/wp-json\/wp\/v2\/product"}],"about":[{"href":"https:\/\/aukinkochile.com\/web\/wp-json\/wp\/v2\/types\/product"}],"replies":[{"embeddable":true,"href":"https:\/\/aukinkochile.com\/web\/wp-json\/wp\/v2\/comments?post=632768"}],"wp:featuredmedia":[{"embeddable":true,"href":"https:\/\/aukinkochile.com\/web\/wp-json\/wp\/v2\/media\/632767"}],"wp:attachment":[{"href":"https:\/\/aukinkochile.com\/web\/wp-json\/wp\/v2\/media?parent=632768"}],"wp:term":[{"taxonomy":"product_brand","embeddable":true,"href":"https:\/\/aukinkochile.com\/web\/wp-json\/wp\/v2\/product_brand?post=632768"},{"taxonomy":"product_cat","embeddable":true,"href":"https:\/\/aukinkochile.com\/web\/wp-json\/wp\/v2\/product_cat?post=632768"},{"taxonomy":"product_tag","embeddable":true,"href":"https:\/\/aukinkochile.com\/web\/wp-json\/wp\/v2\/product_tag?post=632768"}],"curies":[{"name":"wp","href":"https:\/\/api.w.org\/{rel}","templated":true}]}}