{"id":632760,"date":"2025-10-22T14:48:22","date_gmt":"2025-10-22T14:48:22","guid":{"rendered":"https:\/\/aukinkochile.com\/web\/producto\/pelotas-deportes-set-3\/"},"modified":"2025-10-22T14:53:53","modified_gmt":"2025-10-22T14:53:53","slug":"pelotas-deportes-set-3","status":"publish","type":"product","link":"https:\/\/aukinkochile.com\/web\/producto\/pelotas-deportes-set-3\/","title":{"rendered":"Pelotas Deportes Set 3"},"content":{"rendered":"<p>Set de 3 pelotas deportivas hechos especialmente para las manos mas peque\u00f1as. Pelota de futbol de 12 cm de di\u00e1metro, pelota de futbol americano 16,5 cm y una pelota de basquetbol de 12 cm de di\u00e1metro.<\/p>\n<p><p><strong>Material : <\/strong> Goma<\/p>\n<p><strong>C\u00f3digo Aukinko : <\/strong> 11-22709<\/p>\n<p><strong>C\u00f3digo Convenio Marco : <\/strong> x<\/p>\n","protected":false},"excerpt":{"rendered":"<p>Set de 3 pelotas deportivas hechos especialmente para las manos mas peque\u00f1as. Pelota de futbol de 12 cm de di\u00e1metro, pelota de futbol americano 16,5 cm y una pelota de basquetbol de 12 cm de di\u00e1metro. Material : Goma C\u00f3digo Aukinko : 11-22709 C\u00f3digo Convenio Marco : x<\/p>\n","protected":false},"featured_media":632759,"comment_status":"open","ping_status":"closed","template":"","meta":{"_et_pb_use_builder":"","_et_pb_old_content":"","_et_gb_content_width":""},"product_brand":[],"product_cat":[1005,148,18],"product_tag":[],"class_list":{"0":"post-632760","1":"product","2":"type-product","3":"status-publish","4":"has-post-thumbnail","6":"product_cat-accesorios-patio","7":"product_cat-deportes","8":"product_cat-motricidad-gruesa","9":"pa_edad-3-a-4-anos","10":"pa_edad-4-a-5-anos","11":"pa_edad-5-a-6-anos","12":"pa_edad-6-a-8-anos","13":"pa_marca-toysmith","14":"pa_medidas-4802","15":"pa_medidas-8-x-13","16":"pa_medidas-9-x-12-cm","18":"first","19":"instock","20":"shipping-taxable","21":"purchasable","22":"product-type-simple"},"aioseo_notices":[],"_links":{"self":[{"href":"https:\/\/aukinkochile.com\/web\/wp-json\/wp\/v2\/product\/632760","targetHints":{"allow":["GET"]}}],"collection":[{"href":"https:\/\/aukinkochile.com\/web\/wp-json\/wp\/v2\/product"}],"about":[{"href":"https:\/\/aukinkochile.com\/web\/wp-json\/wp\/v2\/types\/product"}],"replies":[{"embeddable":true,"href":"https:\/\/aukinkochile.com\/web\/wp-json\/wp\/v2\/comments?post=632760"}],"wp:featuredmedia":[{"embeddable":true,"href":"https:\/\/aukinkochile.com\/web\/wp-json\/wp\/v2\/media\/632759"}],"wp:attachment":[{"href":"https:\/\/aukinkochile.com\/web\/wp-json\/wp\/v2\/media?parent=632760"}],"wp:term":[{"taxonomy":"product_brand","embeddable":true,"href":"https:\/\/aukinkochile.com\/web\/wp-json\/wp\/v2\/product_brand?post=632760"},{"taxonomy":"product_cat","embeddable":true,"href":"https:\/\/aukinkochile.com\/web\/wp-json\/wp\/v2\/product_cat?post=632760"},{"taxonomy":"product_tag","embeddable":true,"href":"https:\/\/aukinkochile.com\/web\/wp-json\/wp\/v2\/product_tag?post=632760"}],"curies":[{"name":"wp","href":"https:\/\/api.w.org\/{rel}","templated":true}]}}